{"id":1001,"date":"2024-06-20T18:15:31","date_gmt":"2024-06-20T17:15:31","guid":{"rendered":"http:\/\/intervencaoeficaz.com\/?page_id=1001"},"modified":"2024-10-08T10:29:56","modified_gmt":"2024-10-08T09:29:56","slug":"protecao-ativa-contra-incendios","status":"publish","type":"page","link":"https:\/\/intervencaoeficaz.pt\/en\/servicos\/protecao-ativa-contra-incendios\/","title":{"rendered":"Active Fire Protection"},"content":{"rendered":"<h2 class=\"wp-block-heading\">Automatic fire detection is one of the most critical areas for an electronic security system installation company, with the highest level of priority. Why?<\/h2>\n\n\n\n<figure class=\"wp-block-image size-large\"><img loading=\"lazy\" decoding=\"async\" width=\"1024\" height=\"538\" src=\"http:\/\/intervencaoeficaz.com\/wp-content\/uploads\/2024\/07\/Fireprotect-Key_edited-1024x538.jpg\" alt=\"\" class=\"wp-image-1167\" srcset=\"https:\/\/intervencaoeficaz.pt\/wp-content\/uploads\/2024\/07\/Fireprotect-Key_edited-1024x538.jpg 1024w, https:\/\/intervencaoeficaz.pt\/wp-content\/uploads\/2024\/07\/Fireprotect-Key_edited-300x158.jpg 300w, https:\/\/intervencaoeficaz.pt\/wp-content\/uploads\/2024\/07\/Fireprotect-Key_edited-768x403.jpg 768w, https:\/\/intervencaoeficaz.pt\/wp-content\/uploads\/2024\/07\/Fireprotect-Key_edited-1536x806.jpg 1536w, https:\/\/intervencaoeficaz.pt\/wp-content\/uploads\/2024\/07\/Fireprotect-Key_edited-2048x1075.jpg 2048w, https:\/\/intervencaoeficaz.pt\/wp-content\/uploads\/2024\/07\/Fireprotect-Key_edited-416x218.jpg 416w\" sizes=\"auto, (max-width: 1024px) 100vw, 1024px\" \/><\/figure>\n\n\n\n<hr class=\"wp-block-separator has-css-opacity is-style-wide\"\/>\n\n\n\n<h3 class=\"wp-block-heading\">Active fire protection<\/h3>\n\n\n\n<p class=\"cem-por-cento\">Se compararmos um inc\u00eandio com um assalto, facilmente chegamos \u00e0 conclus\u00e3o de que as perdas, no caso de inc\u00eandio geralmente s\u00e3o muito maiores. Por vezes as perdas s\u00e3o totais pelo n\u00edvel de destrui\u00e7\u00e3o.<\/p>\n\n\n\n<p class=\"cem-por-cento\">However, for users, the mindset is often \"it only happens to others.\" Just imagine a home or an industrial unit destroyed by fire; the loss is not only financial. Even with insurance, how long will it take to return to the same level of operation as before the tragedy? In some cases, there may be no recovery at all.<\/p>\n\n\n\n<p class=\"cem-por-cento\">Frequentemente, a maior parte dos sistemas de dete\u00e7\u00e3o de inc\u00eandio que foram instalados por imposi\u00e7\u00f5es legais, encontram-se inoperacionais. Por outro lado, e para agravar ainda mais, mesmo que estejam operacionais, n\u00e3o est\u00e3o ligados a nenhum Centro de Monitoriza\u00e7\u00e3o 24H, o que levanta aqui muitas d\u00favidas quanto \u00e0 efic\u00e1cia e finalidade do sistema.<\/p>\n\n\n\n<p class=\"cem-por-cento\">Quando vemos ou ouvimos as not\u00edcias sobre um inc\u00eandio, existe um tempo que \u00e9 sempre questionado, sabe qual \u00e9? O tempo em que os bombeiros demoram a chegar ao local.<\/p>\n\n\n\n<p class=\"cem-por-cento\">This is undoubtedly important, but isn\u2019t there a more crucial time factor than this?<\/p>\n\n\n\n<p class=\"cem-por-cento\">N\u00f3s achamos que sim, o tempo mais importante \u00e9 o que decorre entre o in\u00edcio da igni\u00e7\u00e3o e o alerta aos bombeiros, este tempo de rea\u00e7\u00e3o vai determinar o n\u00edvel de destrui\u00e7\u00e3o, por esse motivo, este tempo \u00e9 decisivo.<\/p>\n\n\n\n<p class=\"cem-por-cento\">With this service, the alert is immediate!<\/p>\n\n\n\n<div style=\"height:50px\" aria-hidden=\"true\" class=\"wp-block-spacer\"><\/div>\n\n\n\n<hr class=\"wp-block-separator has-css-opacity is-style-wide\"\/>\n\n\n\n<div style=\"height:50px\" aria-hidden=\"true\" class=\"wp-block-spacer\"><\/div>\n\n\n\n<h2 class=\"wp-block-heading\">Request your free quote<\/h2>\n\n\n\n<div class=\"wp-block-columns is-layout-flex wp-container-core-columns-is-layout-9d6595d7 wp-block-columns-is-layout-flex\">\n<div class=\"wp-block-column is-layout-flow wp-block-column-is-layout-flow\">\n<div class=\"wp-block-contact-form-7-contact-form-selector\">\n<div class=\"wpcf7 no-js\" id=\"wpcf7-f781-o1\" lang=\"pt-PT\" dir=\"ltr\" data-wpcf7-id=\"781\">\n<div class=\"screen-reader-response\"><p role=\"status\" aria-live=\"polite\" aria-atomic=\"true\"><\/p> <ul><\/ul><\/div>\n<form action=\"\/en\/wp-json\/wp\/v2\/pages\/1001#wpcf7-f781-o1\" method=\"post\" class=\"wpcf7-form init\" aria-label=\"Formul\u00e1rio de contacto\" novalidate=\"novalidate\" data-status=\"init\" data-trp-original-action=\"\/en\/wp-json\/wp\/v2\/pages\/1001#wpcf7-f781-o1\">\n<fieldset class=\"hidden-fields-container\"><input type=\"hidden\" name=\"_wpcf7\" value=\"781\" \/><input type=\"hidden\" name=\"_wpcf7_version\" value=\"6.1.5\" \/><input type=\"hidden\" name=\"_wpcf7_locale\" value=\"pt_PT\" \/><input type=\"hidden\" name=\"_wpcf7_unit_tag\" value=\"wpcf7-f781-o1\" \/><input type=\"hidden\" name=\"_wpcf7_container_post\" value=\"0\" \/><input type=\"hidden\" name=\"_wpcf7_posted_data_hash\" value=\"\" \/>\n<\/fieldset>\n<p>Type of building? *<br \/>\n<span class=\"wpcf7-form-control-wrap\" data-name=\"tipo-residencia\"><span class=\"wpcf7-form-control wpcf7-radio\"><span class=\"wpcf7-list-item first\"><label><input type=\"radio\" name=\"tipo-residencia\" value=\"Moradia\" \/><span class=\"wpcf7-list-item-label\">House<\/span><\/label><\/span><span class=\"wpcf7-list-item\"><label><input type=\"radio\" name=\"tipo-residencia\" value=\"Apartamento\" \/><span class=\"wpcf7-list-item-label\">Apartment<\/span><\/label><\/span><span class=\"wpcf7-list-item\"><label><input type=\"radio\" name=\"tipo-residencia\" value=\"Empresa\" \/><span class=\"wpcf7-list-item-label\">Business<\/span><\/label><\/span><span class=\"wpcf7-list-item\"><label><input type=\"radio\" name=\"tipo-residencia\" value=\"Armaz\u00e9m\" \/><span class=\"wpcf7-list-item-label\">Warehouse<\/span><\/label><\/span><span class=\"wpcf7-list-item\"><label><input type=\"radio\" name=\"tipo-residencia\" value=\"Com\u00e9rcio\" \/><span class=\"wpcf7-list-item-label\">Retail<\/span><\/label><\/span><span class=\"wpcf7-list-item last\"><label><input type=\"radio\" name=\"tipo-residencia\" value=\"Outro\" \/><span class=\"wpcf7-list-item-label\">Other<\/span><\/label><\/span><\/span><\/span>\n<\/p>\n<p>Is this your primary residence? *<br \/>\n<span class=\"wpcf7-form-control-wrap\" data-name=\"residencia-habitual\"><span class=\"wpcf7-form-control wpcf7-radio\"><span class=\"wpcf7-list-item first\"><label><input type=\"radio\" name=\"residencia-habitual\" value=\"Sim\" \/><span class=\"wpcf7-list-item-label\">Yes<\/span><\/label><\/span><span class=\"wpcf7-list-item\"><label><input type=\"radio\" name=\"residencia-habitual\" value=\"N\u00e3o\" \/><span class=\"wpcf7-list-item-label\">No<\/span><\/label><\/span><span class=\"wpcf7-list-item last\"><label><input type=\"radio\" name=\"residencia-habitual\" value=\"N\u00e3o Aplic\u00e1vel\" \/><span class=\"wpcf7-list-item-label\">Not Applicable<\/span><\/label><\/span><\/span><\/span>\n<\/p>\n<p><label> Phone *<br \/>\n<span class=\"wpcf7-form-control-wrap\" data-name=\"telefone\"><input size=\"40\" maxlength=\"400\" class=\"wpcf7-form-control wpcf7-text wpcf7-validates-as-required\" aria-required=\"true\" aria-invalid=\"false\" value=\"\" type=\"text\" name=\"telefone\" \/><\/span><br \/>\n<\/label>\n<\/p>\n<p><label> Postal Code *<br \/>\n<span class=\"wpcf7-form-control-wrap\" data-name=\"codigo-postal\"><input size=\"40\" maxlength=\"400\" class=\"wpcf7-form-control wpcf7-text wpcf7-validates-as-required\" aria-required=\"true\" aria-invalid=\"false\" value=\"\" type=\"text\" name=\"codigo-postal\" \/><\/span><br \/>\n<\/label>\n<\/p>\n<p><input class=\"wpcf7-form-control wpcf7-submit has-spinner\" type=\"submit\" value=\"Submit request for quote\" \/>\n<\/p><div class=\"wpcf7-response-output\" aria-hidden=\"true\"><\/div>\n<input type=\"hidden\" name=\"trp-form-language\" value=\"en\"\/><\/form>\n<\/div>\n<\/div>\n<\/div>\n\n\n\n<div class=\"wp-block-column is-layout-flow wp-block-column-is-layout-flow\">\n<figure class=\"wp-block-image size-full\"><img loading=\"lazy\" decoding=\"async\" width=\"637\" height=\"805\" src=\"https:\/\/intervencaoeficaz.pt\/wp-content\/uploads\/2024\/07\/img-contact.webp\" alt=\"\" class=\"wp-image-1223\" srcset=\"https:\/\/intervencaoeficaz.pt\/wp-content\/uploads\/2024\/07\/img-contact.webp 637w, https:\/\/intervencaoeficaz.pt\/wp-content\/uploads\/2024\/07\/img-contact-237x300.webp 237w, https:\/\/intervencaoeficaz.pt\/wp-content\/uploads\/2024\/07\/img-contact-9x12.webp 9w, https:\/\/intervencaoeficaz.pt\/wp-content\/uploads\/2024\/07\/img-contact-416x526.webp 416w\" sizes=\"auto, (max-width: 637px) 100vw, 637px\" \/><\/figure>\n<\/div>\n<\/div>","protected":false},"excerpt":{"rendered":"<p>A dete\u00e7\u00e3o autom\u00e1tica de inc\u00eandio \u00e9 das \u00e1reas mais importantes para uma empresa de instala\u00e7\u00e3o de sistemas de seguran\u00e7a eletr\u00f3nica, com um n\u00edvel de prioridade m\u00e1ximo. Porqu\u00ea? Prote\u00e7\u00e3o ativa contra inc\u00eandios Se compararmos um inc\u00eandio com um assalto, facilmente chegamos \u00e0 conclus\u00e3o de que as perdas, no caso de inc\u00eandio geralmente s\u00e3o muito maiores. Por [&hellip;]<\/p>\n","protected":false},"author":1,"featured_media":0,"parent":842,"menu_order":0,"comment_status":"closed","ping_status":"closed","template":"","meta":{"footnotes":""},"class_list":["post-1001","page","type-page","status-publish","hentry"],"_links":{"self":[{"href":"https:\/\/intervencaoeficaz.pt\/en\/wp-json\/wp\/v2\/pages\/1001","targetHints":{"allow":["GET"]}}],"collection":[{"href":"https:\/\/intervencaoeficaz.pt\/en\/wp-json\/wp\/v2\/pages"}],"about":[{"href":"https:\/\/intervencaoeficaz.pt\/en\/wp-json\/wp\/v2\/types\/page"}],"author":[{"embeddable":true,"href":"https:\/\/intervencaoeficaz.pt\/en\/wp-json\/wp\/v2\/users\/1"}],"replies":[{"embeddable":true,"href":"https:\/\/intervencaoeficaz.pt\/en\/wp-json\/wp\/v2\/comments?post=1001"}],"version-history":[{"count":8,"href":"https:\/\/intervencaoeficaz.pt\/en\/wp-json\/wp\/v2\/pages\/1001\/revisions"}],"predecessor-version":[{"id":1295,"href":"https:\/\/intervencaoeficaz.pt\/en\/wp-json\/wp\/v2\/pages\/1001\/revisions\/1295"}],"up":[{"embeddable":true,"href":"https:\/\/intervencaoeficaz.pt\/en\/wp-json\/wp\/v2\/pages\/842"}],"wp:attachment":[{"href":"https:\/\/intervencaoeficaz.pt\/en\/wp-json\/wp\/v2\/media?parent=1001"}],"curies":[{"name":"wp","href":"https:\/\/api.w.org\/{rel}","templated":true}]}}