{"id":1010,"date":"2024-06-20T18:32:34","date_gmt":"2024-06-20T17:32:34","guid":{"rendered":"http:\/\/intervencaoeficaz.com\/?page_id=1010"},"modified":"2024-10-08T10:52:53","modified_gmt":"2024-10-08T09:52:53","slug":"portarias-remotas","status":"publish","type":"page","link":"https:\/\/intervencaoeficaz.pt\/en\/servicos\/portarias-remotas\/","title":{"rendered":"Remote Guard Services"},"content":{"rendered":"<h2 class=\"wp-block-heading\">With the advancement of technology and innovations in the market, more and more new solutions and products are emerging to meet the needs of each client. Remote access control is an integrated system of technologies that manage access for residents, visitors, and service providers<\/h2>\n\n\n\n<figure class=\"wp-block-image size-large\"><img loading=\"lazy\" decoding=\"async\" width=\"1024\" height=\"545\" src=\"https:\/\/intervencaoeficaz.pt\/wp-content\/uploads\/2024\/07\/IE08-01-e1722008973603-1024x545.jpg\" alt=\"\" class=\"wp-image-1267\" srcset=\"https:\/\/intervencaoeficaz.pt\/wp-content\/uploads\/2024\/07\/IE08-01-e1722008973603-1024x545.jpg 1024w, https:\/\/intervencaoeficaz.pt\/wp-content\/uploads\/2024\/07\/IE08-01-e1722008973603-300x160.jpg 300w, https:\/\/intervencaoeficaz.pt\/wp-content\/uploads\/2024\/07\/IE08-01-e1722008973603-768x409.jpg 768w, https:\/\/intervencaoeficaz.pt\/wp-content\/uploads\/2024\/07\/IE08-01-e1722008973603-1536x818.jpg 1536w, https:\/\/intervencaoeficaz.pt\/wp-content\/uploads\/2024\/07\/IE08-01-e1722008973603-2048x1090.jpg 2048w, https:\/\/intervencaoeficaz.pt\/wp-content\/uploads\/2024\/07\/IE08-01-e1722008973603-18x10.jpg 18w, https:\/\/intervencaoeficaz.pt\/wp-content\/uploads\/2024\/07\/IE08-01-e1722008973603-416x221.jpg 416w\" sizes=\"auto, (max-width: 1024px) 100vw, 1024px\" \/><\/figure>\n\n\n\n<hr class=\"wp-block-separator has-css-opacity is-style-wide\"\/>\n\n\n\n<h3 class=\"wp-block-heading\">Remote access control<\/h3>\n\n\n\n<p class=\"cem-por-cento\">Este servi\u00e7o \u00e9 feito atrav\u00e9s de um intercomunicador das instala\u00e7\u00f5es que ter\u00e1 a liga\u00e7\u00e3o direcionada para a nossa central de monitoriza\u00e7\u00e3o que por sua vez far\u00e1 a triagem de acesso e respetivos registos.<\/p>\n\n\n\n<p class=\"cem-por-cento\">The entire service is conducted remotely with location monitoring by our operators.<\/p>\n\n\n\n<div style=\"height:50px\" aria-hidden=\"true\" class=\"wp-block-spacer\"><\/div>\n\n\n\n<hr class=\"wp-block-separator has-css-opacity is-style-wide\"\/>\n\n\n\n<div style=\"height:50px\" aria-hidden=\"true\" class=\"wp-block-spacer\"><\/div>\n\n\n\n<h2 class=\"wp-block-heading\">Request your free quote<\/h2>\n\n\n\n<div class=\"wp-block-columns is-layout-flex wp-container-core-columns-is-layout-9d6595d7 wp-block-columns-is-layout-flex\">\n<div class=\"wp-block-column is-layout-flow wp-block-column-is-layout-flow\">\n<div class=\"wp-block-contact-form-7-contact-form-selector\">\n<div class=\"wpcf7 no-js\" id=\"wpcf7-f781-o1\" lang=\"pt-PT\" dir=\"ltr\" data-wpcf7-id=\"781\">\n<div class=\"screen-reader-response\"><p role=\"status\" aria-live=\"polite\" aria-atomic=\"true\"><\/p> <ul><\/ul><\/div>\n<form action=\"\/en\/wp-json\/wp\/v2\/pages\/1010#wpcf7-f781-o1\" method=\"post\" class=\"wpcf7-form init\" aria-label=\"Formul\u00e1rio de contacto\" novalidate=\"novalidate\" data-status=\"init\" data-trp-original-action=\"\/en\/wp-json\/wp\/v2\/pages\/1010#wpcf7-f781-o1\">\n<fieldset class=\"hidden-fields-container\"><input type=\"hidden\" name=\"_wpcf7\" value=\"781\" \/><input type=\"hidden\" name=\"_wpcf7_version\" value=\"6.1.5\" \/><input type=\"hidden\" name=\"_wpcf7_locale\" value=\"pt_PT\" \/><input type=\"hidden\" name=\"_wpcf7_unit_tag\" value=\"wpcf7-f781-o1\" \/><input type=\"hidden\" name=\"_wpcf7_container_post\" value=\"0\" \/><input type=\"hidden\" name=\"_wpcf7_posted_data_hash\" value=\"\" \/>\n<\/fieldset>\n<p>Type of building? *<br \/>\n<span class=\"wpcf7-form-control-wrap\" data-name=\"tipo-residencia\"><span class=\"wpcf7-form-control wpcf7-radio\"><span class=\"wpcf7-list-item first\"><label><input type=\"radio\" name=\"tipo-residencia\" value=\"Moradia\" \/><span class=\"wpcf7-list-item-label\">House<\/span><\/label><\/span><span class=\"wpcf7-list-item\"><label><input type=\"radio\" name=\"tipo-residencia\" value=\"Apartamento\" \/><span class=\"wpcf7-list-item-label\">Apartment<\/span><\/label><\/span><span class=\"wpcf7-list-item\"><label><input type=\"radio\" name=\"tipo-residencia\" value=\"Empresa\" \/><span class=\"wpcf7-list-item-label\">Business<\/span><\/label><\/span><span class=\"wpcf7-list-item\"><label><input type=\"radio\" name=\"tipo-residencia\" value=\"Armaz\u00e9m\" \/><span class=\"wpcf7-list-item-label\">Warehouse<\/span><\/label><\/span><span class=\"wpcf7-list-item\"><label><input type=\"radio\" name=\"tipo-residencia\" value=\"Com\u00e9rcio\" \/><span class=\"wpcf7-list-item-label\">Retail<\/span><\/label><\/span><span class=\"wpcf7-list-item last\"><label><input type=\"radio\" name=\"tipo-residencia\" value=\"Outro\" \/><span class=\"wpcf7-list-item-label\">Other<\/span><\/label><\/span><\/span><\/span>\n<\/p>\n<p>Is this your primary residence? *<br \/>\n<span class=\"wpcf7-form-control-wrap\" data-name=\"residencia-habitual\"><span class=\"wpcf7-form-control wpcf7-radio\"><span class=\"wpcf7-list-item first\"><label><input type=\"radio\" name=\"residencia-habitual\" value=\"Sim\" \/><span class=\"wpcf7-list-item-label\">Yes<\/span><\/label><\/span><span class=\"wpcf7-list-item\"><label><input type=\"radio\" name=\"residencia-habitual\" value=\"N\u00e3o\" \/><span class=\"wpcf7-list-item-label\">No<\/span><\/label><\/span><span class=\"wpcf7-list-item last\"><label><input type=\"radio\" name=\"residencia-habitual\" value=\"N\u00e3o Aplic\u00e1vel\" \/><span class=\"wpcf7-list-item-label\">Not Applicable<\/span><\/label><\/span><\/span><\/span>\n<\/p>\n<p><label> Phone *<br \/>\n<span class=\"wpcf7-form-control-wrap\" data-name=\"telefone\"><input size=\"40\" maxlength=\"400\" class=\"wpcf7-form-control wpcf7-text wpcf7-validates-as-required\" aria-required=\"true\" aria-invalid=\"false\" value=\"\" type=\"text\" name=\"telefone\" \/><\/span><br \/>\n<\/label>\n<\/p>\n<p><label> Postal Code *<br \/>\n<span class=\"wpcf7-form-control-wrap\" data-name=\"codigo-postal\"><input size=\"40\" maxlength=\"400\" class=\"wpcf7-form-control wpcf7-text wpcf7-validates-as-required\" aria-required=\"true\" aria-invalid=\"false\" value=\"\" type=\"text\" name=\"codigo-postal\" \/><\/span><br \/>\n<\/label>\n<\/p>\n<p><input class=\"wpcf7-form-control wpcf7-submit has-spinner\" type=\"submit\" value=\"Submit request for quote\" \/>\n<\/p><div class=\"wpcf7-response-output\" aria-hidden=\"true\"><\/div>\n<input type=\"hidden\" name=\"trp-form-language\" value=\"en\"\/><\/form>\n<\/div>\n<\/div>\n<\/div>\n\n\n\n<div class=\"wp-block-column is-layout-flow wp-block-column-is-layout-flow\">\n<figure class=\"wp-block-image size-full\"><img loading=\"lazy\" decoding=\"async\" width=\"637\" height=\"805\" src=\"https:\/\/intervencaoeficaz.pt\/wp-content\/uploads\/2024\/07\/img-contact.webp\" alt=\"\" class=\"wp-image-1223\" srcset=\"https:\/\/intervencaoeficaz.pt\/wp-content\/uploads\/2024\/07\/img-contact.webp 637w, https:\/\/intervencaoeficaz.pt\/wp-content\/uploads\/2024\/07\/img-contact-237x300.webp 237w, https:\/\/intervencaoeficaz.pt\/wp-content\/uploads\/2024\/07\/img-contact-9x12.webp 9w, https:\/\/intervencaoeficaz.pt\/wp-content\/uploads\/2024\/07\/img-contact-416x526.webp 416w\" sizes=\"auto, (max-width: 637px) 100vw, 637px\" \/><\/figure>\n<\/div>\n<\/div>","protected":false},"excerpt":{"rendered":"<p>Com o avan\u00e7o das tecnologias e as inova\u00e7\u00f5es no mercado, surgem cada vez mais, novas solu\u00e7\u00f5es e novos produtos que se adaptam \u00e0 necessidade de cada cliente. A portaria remota \u00e9 um sistema integrado de tecnologias que controlam o acesso de moradores, visitantes e prestadores de servi\u00e7os Portarias remotas Este servi\u00e7o \u00e9 feito atrav\u00e9s de [&hellip;]<\/p>\n","protected":false},"author":1,"featured_media":0,"parent":842,"menu_order":0,"comment_status":"closed","ping_status":"closed","template":"","meta":{"footnotes":""},"class_list":["post-1010","page","type-page","status-publish","hentry"],"_links":{"self":[{"href":"https:\/\/intervencaoeficaz.pt\/en\/wp-json\/wp\/v2\/pages\/1010","targetHints":{"allow":["GET"]}}],"collection":[{"href":"https:\/\/intervencaoeficaz.pt\/en\/wp-json\/wp\/v2\/pages"}],"about":[{"href":"https:\/\/intervencaoeficaz.pt\/en\/wp-json\/wp\/v2\/types\/page"}],"author":[{"embeddable":true,"href":"https:\/\/intervencaoeficaz.pt\/en\/wp-json\/wp\/v2\/users\/1"}],"replies":[{"embeddable":true,"href":"https:\/\/intervencaoeficaz.pt\/en\/wp-json\/wp\/v2\/comments?post=1010"}],"version-history":[{"count":6,"href":"https:\/\/intervencaoeficaz.pt\/en\/wp-json\/wp\/v2\/pages\/1010\/revisions"}],"predecessor-version":[{"id":1303,"href":"https:\/\/intervencaoeficaz.pt\/en\/wp-json\/wp\/v2\/pages\/1010\/revisions\/1303"}],"up":[{"embeddable":true,"href":"https:\/\/intervencaoeficaz.pt\/en\/wp-json\/wp\/v2\/pages\/842"}],"wp:attachment":[{"href":"https:\/\/intervencaoeficaz.pt\/en\/wp-json\/wp\/v2\/media?parent=1010"}],"curies":[{"name":"wp","href":"https:\/\/api.w.org\/{rel}","templated":true}]}}