{"id":11,"date":"2021-10-30T15:17:30","date_gmt":"2021-10-30T18:17:30","guid":{"rendered":"http:\/\/intervencaoeficaz.com\/?page_id=11"},"modified":"2024-05-28T18:12:12","modified_gmt":"2024-05-28T17:12:12","slug":"sobre-nos","status":"publish","type":"page","link":"https:\/\/intervencaoeficaz.pt\/en\/sobre-nos\/","title":{"rendered":"About Us"},"content":{"rendered":"<p><strong>COMMITMENT<br><\/strong><br>Innovation, the word of order. Integrating technological evolution with human resources to create solutions for greater efficiency in the prevention of security threats to people and property, increasing cost\/benefit ratio, based on artificial intelligence. This is reflected in our new remote security services for residential and business environments. For this reason, in 2020 we invested in an internal 24\/7 Security Operations Center (SOC).<br><br>\"We Trade Quantity for Quality... We Trade Standardization for Personalization...\"<\/p>\n\n\n\n<p><strong>PROXIMITY<br><\/strong><br>During the implementation of the solution, there are three phases: commercialization, installation, and post-sales. At the end of the installation, and to maintain total communication and proximity, each client is assigned a dedicated technician.<br>We are committed to enriching our team by investing in the qualified training of our professionals. We believe that this investment increases the productivity and profitability of our employees, which is reflected in the competence and professionalism of the services provided. It is an investment in the future, capable of developing increasingly specialized professionals who are dedicated to the excellence of our work.<\/p>\n\n\n\n<p><strong>CERTIFICATIONS<\/strong><\/p>\n\n\n\n<div class=\"wp-block-columns is-layout-flex wp-container-core-columns-is-layout-9d6595d7 wp-block-columns-is-layout-flex\">\n<div class=\"wp-block-column is-layout-flow wp-block-column-is-layout-flow\">\n<figure class=\"wp-block-image size-full\"><img loading=\"lazy\" decoding=\"async\" width=\"150\" height=\"150\" src=\"http:\/\/intervencaoeficaz.com\/wp-content\/uploads\/2024\/05\/1.png\" alt=\"\" class=\"wp-image-816\" srcset=\"https:\/\/intervencaoeficaz.pt\/wp-content\/uploads\/2024\/05\/1.png 150w, https:\/\/intervencaoeficaz.pt\/wp-content\/uploads\/2024\/05\/1-100x100.png 100w\" sizes=\"auto, (max-width: 150px) 100vw, 150px\" \/><\/figure>\n<\/div>\n\n\n\n<div class=\"wp-block-column is-layout-flow wp-block-column-is-layout-flow\">\n<figure class=\"wp-block-image size-full\"><img loading=\"lazy\" decoding=\"async\" width=\"150\" height=\"150\" src=\"http:\/\/intervencaoeficaz.com\/wp-content\/uploads\/2024\/05\/2.png\" alt=\"\" class=\"wp-image-817\" srcset=\"https:\/\/intervencaoeficaz.pt\/wp-content\/uploads\/2024\/05\/2.png 150w, https:\/\/intervencaoeficaz.pt\/wp-content\/uploads\/2024\/05\/2-100x100.png 100w\" sizes=\"auto, (max-width: 150px) 100vw, 150px\" \/><\/figure>\n<\/div>\n\n\n\n<div class=\"wp-block-column is-layout-flow wp-block-column-is-layout-flow\">\n<figure class=\"wp-block-image size-full\"><img loading=\"lazy\" decoding=\"async\" width=\"150\" height=\"150\" src=\"http:\/\/intervencaoeficaz.com\/wp-content\/uploads\/2024\/05\/3.png\" alt=\"\" class=\"wp-image-819\" srcset=\"https:\/\/intervencaoeficaz.pt\/wp-content\/uploads\/2024\/05\/3.png 150w, https:\/\/intervencaoeficaz.pt\/wp-content\/uploads\/2024\/05\/3-100x100.png 100w\" sizes=\"auto, (max-width: 150px) 100vw, 150px\" \/><\/figure>\n<\/div>\n\n\n\n<div class=\"wp-block-column is-layout-flow wp-block-column-is-layout-flow\">\n<figure class=\"wp-block-image size-full\"><img loading=\"lazy\" decoding=\"async\" width=\"150\" height=\"150\" src=\"http:\/\/intervencaoeficaz.com\/wp-content\/uploads\/2024\/05\/4.png\" alt=\"\" class=\"wp-image-820\" srcset=\"https:\/\/intervencaoeficaz.pt\/wp-content\/uploads\/2024\/05\/4.png 150w, https:\/\/intervencaoeficaz.pt\/wp-content\/uploads\/2024\/05\/4-100x100.png 100w\" sizes=\"auto, (max-width: 150px) 100vw, 150px\" \/><\/figure>\n<\/div>\n<\/div>","protected":false},"excerpt":{"rendered":"<p>COMPROMISSOInova\u00e7\u00e3o, a palavra de ordem. Congregar a evolu\u00e7\u00e3o tecnol\u00f3gica com recursos humanos de forma a criar solu\u00e7\u00f5es para uma maior efic\u00e1cia na preven\u00e7\u00e3o da seguran\u00e7a de pessoas e bens, aumentando o custo\/benef\u00edcio, baseada em intelig\u00eancia artificial, e isso est\u00e1 refletido nos novos servi\u00e7os de seguran\u00e7a remota em ambiente residencial e empresarial. Por essa raz\u00e3o em [&hellip;]<\/p>\n","protected":false},"author":1,"featured_media":824,"parent":0,"menu_order":0,"comment_status":"closed","ping_status":"closed","template":"","meta":{"footnotes":""},"class_list":["post-11","page","type-page","status-publish","has-post-thumbnail","hentry"],"_links":{"self":[{"href":"https:\/\/intervencaoeficaz.pt\/en\/wp-json\/wp\/v2\/pages\/11","targetHints":{"allow":["GET"]}}],"collection":[{"href":"https:\/\/intervencaoeficaz.pt\/en\/wp-json\/wp\/v2\/pages"}],"about":[{"href":"https:\/\/intervencaoeficaz.pt\/en\/wp-json\/wp\/v2\/types\/page"}],"author":[{"embeddable":true,"href":"https:\/\/intervencaoeficaz.pt\/en\/wp-json\/wp\/v2\/users\/1"}],"replies":[{"embeddable":true,"href":"https:\/\/intervencaoeficaz.pt\/en\/wp-json\/wp\/v2\/comments?post=11"}],"version-history":[{"count":6,"href":"https:\/\/intervencaoeficaz.pt\/en\/wp-json\/wp\/v2\/pages\/11\/revisions"}],"predecessor-version":[{"id":822,"href":"https:\/\/intervencaoeficaz.pt\/en\/wp-json\/wp\/v2\/pages\/11\/revisions\/822"}],"wp:featuredmedia":[{"embeddable":true,"href":"https:\/\/intervencaoeficaz.pt\/en\/wp-json\/wp\/v2\/media\/824"}],"wp:attachment":[{"href":"https:\/\/intervencaoeficaz.pt\/en\/wp-json\/wp\/v2\/media?parent=11"}],"curies":[{"name":"wp","href":"https:\/\/api.w.org\/{rel}","templated":true}]}}