{"id":1329,"date":"2026-02-16T15:28:14","date_gmt":"2026-02-16T15:28:14","guid":{"rendered":"https:\/\/intervencaoeficaz.pt\/?page_id=1329"},"modified":"2026-02-16T16:45:50","modified_gmt":"2026-02-16T16:45:50","slug":"ie-prime","status":"publish","type":"page","link":"https:\/\/intervencaoeficaz.pt\/en\/ie-prime\/","title":{"rendered":"IE PRIME"},"content":{"rendered":"<h2 class=\"wp-block-heading\">PROTEGEMOS O QUE \u00c9 MAIS IMPORTANTE PARA SI<\/h2>\n\n\n\n<p><strong><mark style=\"background-color:rgba(0, 0, 0, 0);color:#da251c\" class=\"has-inline-color\">Quem somos?<br><\/mark><\/strong>A IE Prime \u00e9 uma solu\u00e7\u00e3o de seguran\u00e7a inovadora.<br>Sem custos iniciais! Tudo est\u00e1 inclu\u00eddo na mensalidade fixa.<\/p>\n\n\n\n<p><strong><mark style=\"background-color:rgba(0, 0, 0, 0);color:#da251c\" class=\"has-inline-color\">Como funciona?<br><\/mark>Plano sem investimento inicial.<\/strong> Paga apenas a mensalidade.<br><strong>Monitoriza\u00e7\u00e3o 24h\/dia.<\/strong> Em caso de alerta, acionamos resposta imediata.<br><strong>Contrato de 36 meses.<\/strong> Com possibilidade de renova\u00e7\u00e3o ou op\u00e7\u00e3o de compra.<\/p>\n\n\n\n<p><mark style=\"background-color:rgba(0, 0, 0, 0);color:#da251c\" class=\"has-inline-color\"><strong>O que oferecemos?<\/strong><br><\/mark>&#8211; Sistema de <strong>alarme moderno sem custos de aquisi\u00e7\u00e3o<\/strong>.<br>&#8211;<strong> Monitoriza\u00e7\u00e3o 24\/7<\/strong> pela nossa central de seguran\u00e7a.<br>&#8211; Aviso \u00e0 policia <strong>imediato<\/strong>.<br>&#8211; Cart\u00e3o de <strong>comunica\u00e7\u00f5es e conectividade<\/strong>.<br>&#8211; <strong>Instala\u00e7\u00e3o<\/strong> profissional inclu\u00edda.<br>&#8211; Assist\u00eancia t\u00e9cnica <strong>gratuita<\/strong>.<br>&#8211; Substitui\u00e7\u00e3o de <strong>equipamento gr\u00e1tis<\/strong> em caso de avaria.<\/p>\n\n\n\n<div class=\"wp-block-buttons is-layout-flex wp-block-buttons-is-layout-flex\">\n<div class=\"wp-block-button is-style-fill\"><a class=\"wp-block-button__link has-normal-font-size has-custom-font-size wp-element-button\" href=\"https:\/\/intervencaoeficaz.pt\/wp-content\/uploads\/2026\/02\/7-flyer_IE_Prime.pdf\" style=\"border-top-left-radius:15px;border-top-right-radius:15px;border-bottom-left-radius:15px;border-bottom-right-radius:15px\" target=\"_blank\" rel=\"noreferrer noopener\">Saiba mais<\/a><\/div>\n<\/div>\n\n\n\n<div style=\"height:30px\" aria-hidden=\"true\" class=\"wp-block-spacer\"><\/div>\n\n\n\n<h2 class=\"wp-block-heading\">PARA QUEM \u00c9 INDICADO?<\/h2>\n\n\n\n<div class=\"wp-block-columns is-layout-flex wp-container-core-columns-is-layout-9d6595d7 wp-block-columns-is-layout-flex\">\n<div class=\"wp-block-column is-layout-flow wp-block-column-is-layout-flow\">\n<figure class=\"wp-block-image size-large\"><img decoding=\"async\" src=\"https:\/\/intervencaoeficaz.pt\/wp-content\/uploads\/2024\/06\/restaurantes-cafes.jpg\" alt=\"\"\/><\/figure>\n\n\n\n<h3 class=\"wp-block-heading\"><a href=\"https:\/\/intervencaoeficaz.pt\/wp-content\/uploads\/2026\/02\/restaurantes-e-cafes_compressed.pdf\" data-type=\"link\" data-id=\"https:\/\/intervencaoeficaz.pt\/wp-content\/uploads\/2026\/02\/restaurantes-e-cafes_compressed.pdf\" target=\"_blank\" rel=\"noreferrer noopener\">Restaurantes e Caf\u00e9s ><\/a><\/h3>\n<\/div>\n\n\n\n<div class=\"wp-block-column is-layout-flow wp-block-column-is-layout-flow\">\n<figure class=\"wp-block-image size-large\"><img decoding=\"async\" src=\"https:\/\/intervencaoeficaz.pt\/wp-content\/uploads\/2024\/06\/escritorios.jpg\" alt=\"\"\/><\/figure>\n\n\n\n<h3 class=\"wp-block-heading\"><a href=\"https:\/\/intervencaoeficaz.pt\/wp-content\/uploads\/2026\/02\/escritorios_compressed.pdf\" target=\"_blank\" rel=\"noreferrer noopener\">Escrit\u00f3rios ><\/a><\/h3>\n<\/div>\n<\/div>\n\n\n\n<div class=\"wp-block-columns is-layout-flex wp-container-core-columns-is-layout-9d6595d7 wp-block-columns-is-layout-flex\">\n<div class=\"wp-block-column is-layout-flow wp-block-column-is-layout-flow\">\n<figure class=\"wp-block-image size-large\"><img decoding=\"async\" src=\"https:\/\/intervencaoeficaz.pt\/wp-content\/uploads\/2024\/06\/lojas-retalho.jpg\" alt=\"\"\/><\/figure>\n\n\n\n<h3 class=\"wp-block-heading\"><a href=\"https:\/\/intervencaoeficaz.pt\/wp-content\/uploads\/2026\/02\/lojas_compressed.pdf\" data-type=\"link\" data-id=\"https:\/\/intervencaoeficaz.pt\/wp-content\/uploads\/2026\/02\/lojas_compressed.pdf\" target=\"_blank\" rel=\"noreferrer noopener\">Lojas ><\/a><\/h3>\n<\/div>\n\n\n\n<div class=\"wp-block-column is-layout-flow wp-block-column-is-layout-flow\">\n<figure class=\"wp-block-image size-large\"><img decoding=\"async\" src=\"https:\/\/intervencaoeficaz.pt\/wp-content\/uploads\/2024\/06\/estabelecimentos-ensino.jpg\" alt=\"\"\/><\/figure>\n\n\n\n<h3 class=\"wp-block-heading\"><a href=\"https:\/\/intervencaoeficaz.pt\/wp-content\/uploads\/2026\/02\/apartamentos-e-moradias_compressed.pdf\" data-type=\"link\" data-id=\"https:\/\/intervencaoeficaz.pt\/wp-content\/uploads\/2026\/02\/apartamentos-e-moradias_compressed.pdf\" target=\"_blank\" rel=\"noreferrer noopener\">Apartamentos e Moradias ><\/a><\/h3>\n<\/div>\n<\/div>\n\n\n\n<div class=\"wp-block-columns is-layout-flex wp-container-core-columns-is-layout-9d6595d7 wp-block-columns-is-layout-flex\">\n<div class=\"wp-block-column is-layout-flow wp-block-column-is-layout-flow\">\n<figure class=\"wp-block-image size-large\"><img decoding=\"async\" src=\"https:\/\/intervencaoeficaz.pt\/wp-content\/uploads\/2024\/06\/armazens.jpg\" alt=\"\"\/><\/figure>\n\n\n\n<h3 class=\"wp-block-heading\"><a href=\"https:\/\/intervencaoeficaz.pt\/wp-content\/uploads\/2026\/02\/armazens-e-complexos-industriais_compressed.pdf\" data-type=\"link\" data-id=\"https:\/\/intervencaoeficaz.pt\/wp-content\/uploads\/2026\/02\/armazens-e-complexos-industriais_compressed.pdf\" target=\"_blank\" rel=\"noreferrer noopener\">Armaz\u00e9ns e Complexos Industriais ><\/a><\/h3>\n<\/div>\n\n\n\n<div class=\"wp-block-column is-layout-flow wp-block-column-is-layout-flow\">\n<figure class=\"wp-block-image size-large\"><img decoding=\"async\" src=\"https:\/\/intervencaoeficaz.pt\/wp-content\/uploads\/2024\/06\/locais-remotos.jpg\" alt=\"\"\/><\/figure>\n\n\n\n<h3 class=\"wp-block-heading\"><a href=\"https:\/\/intervencaoeficaz.pt\/wp-content\/uploads\/2026\/02\/propriedades-desocupadas-estaleiros-de-obras_compressed.pdf\" data-type=\"link\" data-id=\"https:\/\/intervencaoeficaz.pt\/wp-content\/uploads\/2026\/02\/propriedades-desocupadas-estaleiros-de-obras_compressed.pdf\" target=\"_blank\" rel=\"noreferrer noopener\">Casas Desocupadas e Estaleiros de Obras ><\/a><\/h3>\n<\/div>\n<\/div>\n\n\n\n<div style=\"height:20px\" aria-hidden=\"true\" class=\"wp-block-spacer\"><\/div>\n\n\n\n<hr class=\"wp-block-separator has-css-opacity is-style-wide\"\/>\n\n\n\n<div style=\"height:50px\" aria-hidden=\"true\" class=\"wp-block-spacer\"><\/div>\n\n\n\n<h2 class=\"wp-block-heading\">Request your free quote<\/h2>\n\n\n\n<div class=\"wp-block-columns is-layout-flex wp-container-core-columns-is-layout-9d6595d7 wp-block-columns-is-layout-flex\">\n<div class=\"wp-block-column is-layout-flow wp-block-column-is-layout-flow\">\n<div class=\"wp-block-contact-form-7-contact-form-selector\">\n<div class=\"wpcf7 no-js\" id=\"wpcf7-f781-o1\" lang=\"pt-PT\" dir=\"ltr\" data-wpcf7-id=\"781\">\n<div class=\"screen-reader-response\"><p role=\"status\" aria-live=\"polite\" aria-atomic=\"true\"><\/p> <ul><\/ul><\/div>\n<form action=\"\/en\/wp-json\/wp\/v2\/pages\/1329#wpcf7-f781-o1\" method=\"post\" class=\"wpcf7-form init\" aria-label=\"Formul\u00e1rio de contacto\" novalidate=\"novalidate\" data-status=\"init\" data-trp-original-action=\"\/en\/wp-json\/wp\/v2\/pages\/1329#wpcf7-f781-o1\">\n<fieldset class=\"hidden-fields-container\"><input type=\"hidden\" name=\"_wpcf7\" value=\"781\" \/><input type=\"hidden\" name=\"_wpcf7_version\" value=\"6.1.5\" \/><input type=\"hidden\" name=\"_wpcf7_locale\" value=\"pt_PT\" \/><input type=\"hidden\" name=\"_wpcf7_unit_tag\" value=\"wpcf7-f781-o1\" \/><input type=\"hidden\" name=\"_wpcf7_container_post\" value=\"0\" \/><input type=\"hidden\" name=\"_wpcf7_posted_data_hash\" value=\"\" \/>\n<\/fieldset>\n<p>Type of building? *<br \/>\n<span class=\"wpcf7-form-control-wrap\" data-name=\"tipo-residencia\"><span class=\"wpcf7-form-control wpcf7-radio\"><span class=\"wpcf7-list-item first\"><label><input type=\"radio\" name=\"tipo-residencia\" value=\"Moradia\" \/><span class=\"wpcf7-list-item-label\">House<\/span><\/label><\/span><span class=\"wpcf7-list-item\"><label><input type=\"radio\" name=\"tipo-residencia\" value=\"Apartamento\" \/><span class=\"wpcf7-list-item-label\">Apartment<\/span><\/label><\/span><span class=\"wpcf7-list-item\"><label><input type=\"radio\" name=\"tipo-residencia\" value=\"Empresa\" \/><span class=\"wpcf7-list-item-label\">Business<\/span><\/label><\/span><span class=\"wpcf7-list-item\"><label><input type=\"radio\" name=\"tipo-residencia\" value=\"Armaz\u00e9m\" \/><span class=\"wpcf7-list-item-label\">Warehouse<\/span><\/label><\/span><span class=\"wpcf7-list-item\"><label><input type=\"radio\" name=\"tipo-residencia\" value=\"Com\u00e9rcio\" \/><span class=\"wpcf7-list-item-label\">Retail<\/span><\/label><\/span><span class=\"wpcf7-list-item last\"><label><input type=\"radio\" name=\"tipo-residencia\" value=\"Outro\" \/><span class=\"wpcf7-list-item-label\">Other<\/span><\/label><\/span><\/span><\/span>\n<\/p>\n<p>Is this your primary residence? *<br \/>\n<span class=\"wpcf7-form-control-wrap\" data-name=\"residencia-habitual\"><span class=\"wpcf7-form-control wpcf7-radio\"><span class=\"wpcf7-list-item first\"><label><input type=\"radio\" name=\"residencia-habitual\" value=\"Sim\" \/><span class=\"wpcf7-list-item-label\">Yes<\/span><\/label><\/span><span class=\"wpcf7-list-item\"><label><input type=\"radio\" name=\"residencia-habitual\" value=\"N\u00e3o\" \/><span class=\"wpcf7-list-item-label\">No<\/span><\/label><\/span><span class=\"wpcf7-list-item last\"><label><input type=\"radio\" name=\"residencia-habitual\" value=\"N\u00e3o Aplic\u00e1vel\" \/><span class=\"wpcf7-list-item-label\">Not Applicable<\/span><\/label><\/span><\/span><\/span>\n<\/p>\n<p><label> Phone *<br \/>\n<span class=\"wpcf7-form-control-wrap\" data-name=\"telefone\"><input size=\"40\" maxlength=\"400\" class=\"wpcf7-form-control wpcf7-text wpcf7-validates-as-required\" aria-required=\"true\" aria-invalid=\"false\" value=\"\" type=\"text\" name=\"telefone\" \/><\/span><br \/>\n<\/label>\n<\/p>\n<p><label> Postal Code *<br \/>\n<span class=\"wpcf7-form-control-wrap\" data-name=\"codigo-postal\"><input size=\"40\" maxlength=\"400\" class=\"wpcf7-form-control wpcf7-text wpcf7-validates-as-required\" aria-required=\"true\" aria-invalid=\"false\" value=\"\" type=\"text\" name=\"codigo-postal\" \/><\/span><br \/>\n<\/label>\n<\/p>\n<p><input class=\"wpcf7-form-control wpcf7-submit has-spinner\" type=\"submit\" value=\"Submit request for quote\" \/>\n<\/p><div class=\"wpcf7-response-output\" aria-hidden=\"true\"><\/div>\n<input type=\"hidden\" name=\"trp-form-language\" value=\"en\"\/><\/form>\n<\/div>\n<\/div>\n<\/div>\n\n\n\n<div class=\"wp-block-column is-layout-flow wp-block-column-is-layout-flow\">\n<figure class=\"wp-block-image size-large\"><img decoding=\"async\" src=\"https:\/\/intervencaoeficaz.pt\/wp-content\/uploads\/2024\/07\/img-contact.webp\" alt=\"\"\/><\/figure>\n<\/div>\n<\/div>","protected":false},"excerpt":{"rendered":"<p>PROTEGEMOS O QUE \u00c9 MAIS IMPORTANTE PARA SI Quem somos?A IE Prime \u00e9 uma solu\u00e7\u00e3o de seguran\u00e7a inovadora.Sem custos iniciais! Tudo est\u00e1 inclu\u00eddo na mensalidade fixa. Como funciona?Plano sem investimento inicial. Paga apenas a mensalidade.Monitoriza\u00e7\u00e3o 24h\/dia. Em caso de alerta, acionamos resposta imediata.Contrato de 36 meses. Com possibilidade de renova\u00e7\u00e3o ou op\u00e7\u00e3o de compra. O [&hellip;]<\/p>\n","protected":false},"author":1,"featured_media":1365,"parent":0,"menu_order":0,"comment_status":"closed","ping_status":"closed","template":"","meta":{"footnotes":""},"class_list":["post-1329","page","type-page","status-publish","has-post-thumbnail","hentry"],"_links":{"self":[{"href":"https:\/\/intervencaoeficaz.pt\/en\/wp-json\/wp\/v2\/pages\/1329","targetHints":{"allow":["GET"]}}],"collection":[{"href":"https:\/\/intervencaoeficaz.pt\/en\/wp-json\/wp\/v2\/pages"}],"about":[{"href":"https:\/\/intervencaoeficaz.pt\/en\/wp-json\/wp\/v2\/types\/page"}],"author":[{"embeddable":true,"href":"https:\/\/intervencaoeficaz.pt\/en\/wp-json\/wp\/v2\/users\/1"}],"replies":[{"embeddable":true,"href":"https:\/\/intervencaoeficaz.pt\/en\/wp-json\/wp\/v2\/comments?post=1329"}],"version-history":[{"count":19,"href":"https:\/\/intervencaoeficaz.pt\/en\/wp-json\/wp\/v2\/pages\/1329\/revisions"}],"predecessor-version":[{"id":1366,"href":"https:\/\/intervencaoeficaz.pt\/en\/wp-json\/wp\/v2\/pages\/1329\/revisions\/1366"}],"wp:featuredmedia":[{"embeddable":true,"href":"https:\/\/intervencaoeficaz.pt\/en\/wp-json\/wp\/v2\/media\/1365"}],"wp:attachment":[{"href":"https:\/\/intervencaoeficaz.pt\/en\/wp-json\/wp\/v2\/media?parent=1329"}],"curies":[{"name":"wp","href":"https:\/\/api.w.org\/{rel}","templated":true}]}}