{"id":18,"date":"2021-10-30T15:21:09","date_gmt":"2021-10-30T18:21:09","guid":{"rendered":"http:\/\/intervencaoeficaz.com\/?page_id=18"},"modified":"2024-07-26T10:01:59","modified_gmt":"2024-07-26T09:01:59","slug":"contactos","status":"publish","type":"page","link":"https:\/\/intervencaoeficaz.pt\/en\/contactos\/","title":{"rendered":"Contacts"},"content":{"rendered":"<div class=\"wp-block-columns is-layout-flex wp-container-core-columns-is-layout-9d6595d7 wp-block-columns-is-layout-flex\">\n<div class=\"wp-block-column is-layout-flow wp-block-column-is-layout-flow\">\n<p class=\"translation-block\">Do you have any questions or are you interested in a particular solution? <br> Leave us a message, and we will get in touch as soon as possible.<\/p>\n\n\n\n<div class=\"wpcf7 no-js\" id=\"wpcf7-f68-o1\" lang=\"pt-PT\" dir=\"ltr\" data-wpcf7-id=\"68\">\n<div class=\"screen-reader-response\"><p role=\"status\" aria-live=\"polite\" aria-atomic=\"true\"><\/p> <ul><\/ul><\/div>\n<form action=\"\/en\/wp-json\/wp\/v2\/pages\/18#wpcf7-f68-o1\" method=\"post\" class=\"wpcf7-form init\" aria-label=\"Formul\u00e1rio de contacto\" novalidate=\"novalidate\" data-status=\"init\" data-trp-original-action=\"\/en\/wp-json\/wp\/v2\/pages\/18#wpcf7-f68-o1\">\n<fieldset class=\"hidden-fields-container\"><input type=\"hidden\" name=\"_wpcf7\" value=\"68\" \/><input type=\"hidden\" name=\"_wpcf7_version\" value=\"6.1.5\" \/><input type=\"hidden\" name=\"_wpcf7_locale\" value=\"pt_PT\" \/><input type=\"hidden\" name=\"_wpcf7_unit_tag\" value=\"wpcf7-f68-o1\" \/><input type=\"hidden\" name=\"_wpcf7_container_post\" value=\"0\" \/><input type=\"hidden\" name=\"_wpcf7_posted_data_hash\" value=\"\" \/>\n<\/fieldset>\n<p><label> Name<br \/>\n<span class=\"wpcf7-form-control-wrap\" data-name=\"your-name\"><input size=\"60\" maxlength=\"400\" class=\"wpcf7-form-control wpcf7-text wpcf7-validates-as-required\" aria-required=\"true\" aria-invalid=\"false\" value=\"\" type=\"text\" name=\"your-name\" \/><\/span> <\/label>\n<\/p>\n<p><label> E-mail<br \/>\n<span class=\"wpcf7-form-control-wrap\" data-name=\"your-email\"><input size=\"60\" maxlength=\"400\" class=\"wpcf7-form-control wpcf7-email wpcf7-validates-as-required wpcf7-text wpcf7-validates-as-email\" aria-required=\"true\" aria-invalid=\"false\" value=\"\" type=\"email\" name=\"your-email\" \/><\/span> <\/label>\n<\/p>\n<p><label> Message<br \/>\n<span class=\"wpcf7-form-control-wrap\" data-name=\"your-message\"><textarea cols=\"40\" rows=\"10\" maxlength=\"2000\" class=\"wpcf7-form-control wpcf7-textarea wpcf7-validates-as-required\" aria-required=\"true\" aria-invalid=\"false\" name=\"your-message\"><\/textarea><\/span> <\/label>\n<\/p>\n<p><input class=\"wpcf7-form-control wpcf7-submit has-spinner\" type=\"submit\" value=\"Submit\" \/>\n<\/p><div class=\"wpcf7-response-output\" aria-hidden=\"true\"><\/div>\n<input type=\"hidden\" name=\"trp-form-language\" value=\"en\"\/><\/form>\n<\/div>\n\n<\/div>\n\n\n\n<div class=\"wp-block-column is-layout-flow wp-block-column-is-layout-flow\">\n<figure class=\"wp-block-image size-full img-contact\"><img loading=\"lazy\" decoding=\"async\" width=\"508\" height=\"642\" src=\"http:\/\/intervencaoeficaz.com\/wp-content\/uploads\/2024\/04\/img-contacto.png\" alt=\"\" class=\"wp-image-660\" srcset=\"https:\/\/intervencaoeficaz.pt\/wp-content\/uploads\/2024\/04\/img-contacto.png 508w, https:\/\/intervencaoeficaz.pt\/wp-content\/uploads\/2024\/04\/img-contacto-237x300.png 237w, https:\/\/intervencaoeficaz.pt\/wp-content\/uploads\/2024\/04\/img-contacto-416x526.png 416w, https:\/\/intervencaoeficaz.pt\/wp-content\/uploads\/2024\/04\/img-contacto-64x81.png 64w\" sizes=\"auto, (max-width: 508px) 100vw, 508px\" \/><\/figure>\n<\/div>\n<\/div>\n\n\n\n<hr class=\"wp-block-separator is-style-wide\"\/>\n\n\n\n<div class=\"wp-block-columns is-layout-flex wp-container-core-columns-is-layout-9d6595d7 wp-block-columns-is-layout-flex\">\n<div class=\"wp-block-column is-layout-flow wp-block-column-is-layout-flow\" style=\"flex-basis:300px\">\n<h2 class=\"info-contato wp-block-heading\">Contact information<\/h2>\n\n\n\n<div class=\"wp-block-columns sem-margem-infeior is-layout-flex wp-container-core-columns-is-layout-9d6595d7 wp-block-columns-is-layout-flex\">\n<div class=\"wp-block-column sem-margem-infeior  cotacto-info-icon is-layout-flow wp-block-column-is-layout-flow\" style=\"flex-basis:35px\">\n<figure class=\"wp-block-image size-large\"><img decoding=\"async\" src=\"https:\/\/intervencaoeficaz.pt\/wp-content\/uploads\/2024\/04\/icone-local.png\" alt=\"\"\/><\/figure>\n<\/div>\n\n\n\n<div class=\"wp-block-column sem-margem-infeior cotacto-info-descricao is-layout-flow wp-block-column-is-layout-flow\">\n<p>Rua 1\u00ba de Maio, 655 4445-242 Alfena<\/p>\n<\/div>\n<\/div>\n\n\n\n<div class=\"wp-block-columns sem-margem-infeior is-layout-flex wp-container-core-columns-is-layout-9d6595d7 wp-block-columns-is-layout-flex\">\n<div class=\"wp-block-column sem-margem-infeior  cotacto-info-icon is-layout-flow wp-block-column-is-layout-flow\" style=\"flex-basis:35px\">\n<figure class=\"wp-block-image size-large\"><img decoding=\"async\" src=\"https:\/\/intervencaoeficaz.pt\/wp-content\/uploads\/2024\/04\/icone-telefone.png\" alt=\"\"\/><\/figure>\n<\/div>\n\n\n\n<div class=\"wp-block-column sem-margem-infeior cotacto-info-descricao is-layout-flow wp-block-column-is-layout-flow\">\n<p>+351 225 573 090<\/p>\n<\/div>\n<\/div>\n\n\n\n<div class=\"wp-block-columns sem-margem-infeior is-layout-flex wp-container-core-columns-is-layout-9d6595d7 wp-block-columns-is-layout-flex\">\n<div class=\"wp-block-column sem-margem-infeior cotacto-info-icon is-layout-flow wp-block-column-is-layout-flow\" style=\"flex-basis:35px\">\n<figure class=\"wp-block-image size-large\"><img decoding=\"async\" src=\"https:\/\/intervencaoeficaz.pt\/wp-content\/uploads\/2024\/04\/icone-email-1.png\" alt=\"\"\/><\/figure>\n<\/div>\n\n\n\n<div class=\"wp-block-column sem-margem-infeior cotacto-info-descricao is-layout-flow wp-block-column-is-layout-flow\" style=\"flex-basis:82%\">\n<p>geral@ieficaz.com<\/p>\n<\/div>\n<\/div>\n<\/div>\n\n\n\n<div class=\"wp-block-column is-layout-flow wp-block-column-is-layout-flow\">\n<div style=\"text-align: right\">\n<iframe src=\"https:\/\/www.google.com\/maps\/embed?pb=!1m18!1m12!1m3!1d2999.96214581238!2d-8.522506123947606!3d41.244382471318325!2m3!1f0!2f0!3f0!3m2!1i1024!2i768!4f13.1!3m3!1m2!1s0xd2461ad1e20ebdf%3A0x7b0cb2682979a804!2sR.%201%C2%BA%20de%20Maio%20655%2C%204445-245%20Alfena%2C%20Portugal!5e0!3m2!1spt-BR!2sbr!4v1714426468648!5m2!1spt-BR!2sbr\" width=\"100%\" height=\"450\" style=\"border:0;\" allowfullscreen=\"\" loading=\"lazy\" referrerpolicy=\"no-referrer-when-downgrade\"><\/iframe>\n<\/div>\n<\/div>\n<\/div>","protected":false},"excerpt":{"rendered":"<p>Tem alguma d\u00favida ou interesse em alguma solu\u00e7\u00e3o?Deixe-nos uma mensagem e entraremos em contacto assim que poss\u00edvel. Informa\u00e7\u00f5es de contacto Rua 1\u00ba de Maio, 655 4445-242 Alfena +351 225 573 090 geral@ieficaz.com<\/p>","protected":false},"author":1,"featured_media":0,"parent":0,"menu_order":0,"comment_status":"closed","ping_status":"closed","template":"","meta":{"footnotes":""},"class_list":["post-18","page","type-page","status-publish","hentry"],"_links":{"self":[{"href":"https:\/\/intervencaoeficaz.pt\/en\/wp-json\/wp\/v2\/pages\/18","targetHints":{"allow":["GET"]}}],"collection":[{"href":"https:\/\/intervencaoeficaz.pt\/en\/wp-json\/wp\/v2\/pages"}],"about":[{"href":"https:\/\/intervencaoeficaz.pt\/en\/wp-json\/wp\/v2\/types\/page"}],"author":[{"embeddable":true,"href":"https:\/\/intervencaoeficaz.pt\/en\/wp-json\/wp\/v2\/users\/1"}],"replies":[{"embeddable":true,"href":"https:\/\/intervencaoeficaz.pt\/en\/wp-json\/wp\/v2\/comments?post=18"}],"version-history":[{"count":51,"href":"https:\/\/intervencaoeficaz.pt\/en\/wp-json\/wp\/v2\/pages\/18\/revisions"}],"predecessor-version":[{"id":1261,"href":"https:\/\/intervencaoeficaz.pt\/en\/wp-json\/wp\/v2\/pages\/18\/revisions\/1261"}],"wp:attachment":[{"href":"https:\/\/intervencaoeficaz.pt\/en\/wp-json\/wp\/v2\/media?parent=18"}],"curies":[{"name":"wp","href":"https:\/\/api.w.org\/{rel}","templated":true}]}}