{"id":244,"date":"2021-12-01T17:06:03","date_gmt":"2021-12-01T17:06:03","guid":{"rendered":"http:\/\/intervencaoeficaz.com\/?page_id=244"},"modified":"2024-10-08T09:37:27","modified_gmt":"2024-10-08T08:37:27","slug":"solucoes","status":"publish","type":"page","link":"https:\/\/intervencaoeficaz.pt\/en\/solucoes\/","title":{"rendered":"Our solutions"},"content":{"rendered":"<div class=\"wp-block-columns is-layout-flex wp-container-core-columns-is-layout-9d6595d7 wp-block-columns-is-layout-flex\">\n<div class=\"wp-block-column is-layout-flow wp-block-column-is-layout-flow\" style=\"flex-basis:50%\">\n<p>Discover our wide range of solutions for protecting your home, business, or other properties<\/p>\n<\/div>\n<\/div>\n\n\n\n<div class=\"wp-block-columns pag-atuacao is-layout-flex wp-container-core-columns-is-layout-9d6595d7 wp-block-columns-is-layout-flex\">\n<div class=\"wp-block-column is-layout-flow wp-block-column-is-layout-flow\" style=\"flex-basis:40%\">\n<div class=\"wp-block-cover\" style=\"min-height:228px;aspect-ratio:unset;\"><span aria-hidden=\"true\" class=\"wp-block-cover__background has-background-dim-20 has-background-dim\"><\/span><img loading=\"lazy\" decoding=\"async\" width=\"438\" height=\"270\" class=\"wp-block-cover__image-background wp-image-691\" alt=\"\" src=\"http:\/\/intervencaoeficaz.com\/wp-content\/uploads\/2024\/05\/residencias.png\" data-object-fit=\"cover\" srcset=\"https:\/\/intervencaoeficaz.pt\/wp-content\/uploads\/2024\/05\/residencias.png 438w, https:\/\/intervencaoeficaz.pt\/wp-content\/uploads\/2024\/05\/residencias-300x185.png 300w, https:\/\/intervencaoeficaz.pt\/wp-content\/uploads\/2024\/05\/residencias-416x256.png 416w\" sizes=\"auto, (max-width: 438px) 100vw, 438px\" \/><div class=\"wp-block-cover__inner-container is-layout-flow wp-block-cover-is-layout-flow\">\n<p class=\"has-text-align-center has-large-font-size\">Houses<\/p>\n<\/div><\/div>\n\n\n\n<p><\/p>\n<\/div>\n\n\n\n<div class=\"wp-block-column padding-top-1 is-layout-flow wp-block-column-is-layout-flow\" style=\"flex-basis:60%\">\n<p>At Interven\u00e7\u00e3o Eficaz, we offer 24\/7 protection with immediate response, ensuring the safety of your home at any time of the day or night. Our advanced monitoring system and dedicated team of professionals are always ready to act quickly in any emergency situation, providing you with ongoing peace of mind and confidence.<\/p>\n\n\n\n<div class=\"wp-block-columns is-layout-flex wp-container-core-columns-is-layout-9d6595d7 wp-block-columns-is-layout-flex\">\n<div class=\"wp-block-column area-atuacao-list is-layout-flow wp-block-column-is-layout-flow\">\n<ul style=\"color:#3d4043\" class=\"wp-block-list link-solucoes has-text-color\">\n<li><a href=\"https:\/\/intervencaoeficaz.pt\/en\/casas\/produtos-casas\/\" data-type=\"link\" data-id=\"https:\/\/intervencaoeficaz.pt\/casas\/produtos-casas\/\">See more<\/a><\/li>\n<\/ul>\n<\/div>\n\n\n\n<div class=\"wp-block-column is-layout-flow wp-block-column-is-layout-flow\"><\/div>\n<\/div>\n<\/div>\n<\/div>\n\n\n\n<div class=\"wp-block-columns pag-atuacao is-layout-flex wp-container-core-columns-is-layout-9d6595d7 wp-block-columns-is-layout-flex\">\n<div class=\"wp-block-column is-layout-flow wp-block-column-is-layout-flow\" style=\"flex-basis:40%\">\n<div class=\"wp-block-cover is-light\" style=\"min-height:228px;aspect-ratio:unset;\"><span aria-hidden=\"true\" class=\"wp-block-cover__background has-background-dim\"><\/span><img loading=\"lazy\" decoding=\"async\" width=\"438\" height=\"270\" class=\"wp-block-cover__image-background wp-image-704\" alt=\"\" src=\"http:\/\/intervencaoeficaz.com\/wp-content\/uploads\/2024\/05\/empresas.png\" data-object-fit=\"cover\" srcset=\"https:\/\/intervencaoeficaz.pt\/wp-content\/uploads\/2024\/05\/empresas.png 438w, https:\/\/intervencaoeficaz.pt\/wp-content\/uploads\/2024\/05\/empresas-300x185.png 300w, https:\/\/intervencaoeficaz.pt\/wp-content\/uploads\/2024\/05\/empresas-416x256.png 416w\" sizes=\"auto, (max-width: 438px) 100vw, 438px\" \/><div class=\"wp-block-cover__inner-container is-layout-flow wp-block-cover-is-layout-flow\">\n<p class=\"has-text-align-center has-large-font-size\">Companies<\/p>\n<\/div><\/div>\n\n\n\n<p><\/p>\n<\/div>\n\n\n\n<div class=\"wp-block-column padding-top-1 is-layout-flow wp-block-column-is-layout-flow\" style=\"flex-basis:60%\">\n<p>At Interven\u00e7\u00e3o Eficaz, we offer customized solutions for businesses, tailored to the type of installation. Whether it's offices, retail stores, warehouses, or other environments, our security systems are designed to meet the specific needs of each setting, ensuring maximum protection and operational efficiency.<\/p>\n\n\n\n<div class=\"wp-block-columns is-layout-flex wp-container-core-columns-is-layout-9d6595d7 wp-block-columns-is-layout-flex\">\n<div class=\"wp-block-column area-atuacao-list is-layout-flow wp-block-column-is-layout-flow\">\n<ul style=\"color:#3d4043\" class=\"wp-block-list has-text-color\">\n<li><a href=\"https:\/\/intervencaoeficaz.pt\/en\/empresas\/produtos-empresas\/\" data-type=\"link\" data-id=\"https:\/\/intervencaoeficaz.pt\/empresas\/produtos-empresas\/\">See more<\/a><\/li>\n<\/ul>\n<\/div>\n\n\n\n<div class=\"wp-block-column is-layout-flow wp-block-column-is-layout-flow\"><\/div>\n<\/div>\n<\/div>\n<\/div>\n\n\n\n<div class=\"wp-block-columns pag-atuacao is-layout-flex wp-container-core-columns-is-layout-9d6595d7 wp-block-columns-is-layout-flex\">\n<div class=\"wp-block-column is-layout-flow wp-block-column-is-layout-flow\" style=\"flex-basis:40%\">\n<div class=\"wp-block-cover is-light\" style=\"min-height:228px;aspect-ratio:unset;\"><span aria-hidden=\"true\" class=\"wp-block-cover__background has-background-dim\"><\/span><img loading=\"lazy\" decoding=\"async\" width=\"438\" height=\"270\" class=\"wp-block-cover__image-background wp-image-705\" alt=\"\" src=\"http:\/\/intervencaoeficaz.com\/wp-content\/uploads\/2024\/05\/portfolio.png\" data-object-fit=\"cover\" srcset=\"https:\/\/intervencaoeficaz.pt\/wp-content\/uploads\/2024\/05\/portfolio.png 438w, https:\/\/intervencaoeficaz.pt\/wp-content\/uploads\/2024\/05\/portfolio-300x185.png 300w, https:\/\/intervencaoeficaz.pt\/wp-content\/uploads\/2024\/05\/portfolio-416x256.png 416w\" sizes=\"auto, (max-width: 438px) 100vw, 438px\" \/><div class=\"wp-block-cover__inner-container is-layout-flow wp-block-cover-is-layout-flow\">\n<p class=\"has-text-align-center has-large-font-size\">Services<\/p>\n<\/div><\/div>\n\n\n\n<p><\/p>\n<\/div>\n\n\n\n<div class=\"wp-block-column padding-top-1 is-layout-flow wp-block-column-is-layout-flow\" style=\"flex-basis:60%\">\n<p>At Interven\u00e7\u00e3o Eficaz, we offer a variety of services dedicated to your security. Explore our offerings.<\/p>\n\n\n\n<div class=\"wp-block-columns is-layout-flex wp-container-core-columns-is-layout-9d6595d7 wp-block-columns-is-layout-flex\">\n<div class=\"wp-block-column area-atuacao-list is-layout-flow wp-block-column-is-layout-flow\">\n<ul style=\"color:#3d4043\" class=\"wp-block-list has-text-color\">\n<li><a href=\"https:\/\/intervencaoeficaz.pt\/en\/servicos\/protecao-perimetral\/\" data-type=\"link\" data-id=\"https:\/\/intervencaoeficaz.pt\/servicos\/protecao-perimetral\/\">Perimeter Protection<\/a><\/li>\n\n\n\n<li><a href=\"https:\/\/intervencaoeficaz.pt\/en\/servicos\/ligacao-a-central-24h\/\" data-type=\"link\" data-id=\"https:\/\/intervencaoeficaz.pt\/servicos\/ligacao-a-central-24h\/\">24\/7 Central Monitoring Connection<\/a><\/li>\n\n\n\n<li><a href=\"https:\/\/intervencaoeficaz.pt\/en\/servicos\/vigilancia-remota-permanente\/\">Continuous Remote Surveillance<\/a><\/li>\n\n\n\n<li><a href=\"https:\/\/intervencaoeficaz.pt\/en\/servicos\/protecao-ativa-contra-incendios\/\" data-type=\"link\" data-id=\"https:\/\/intervencaoeficaz.pt\/servicos\/protecao-ativa-contra-incendios\/\">Active Fire Protection<\/a><\/li>\n\n\n\n<li><a href=\"https:\/\/intervencaoeficaz.pt\/en\/servicos\/rondas-remotas\/\" data-type=\"link\" data-id=\"https:\/\/intervencaoeficaz.pt\/servicos\/rondas-remotas\/\">Remote Patrols<\/a><\/li>\n\n\n\n<li><a href=\"https:\/\/intervencaoeficaz.pt\/en\/servicos\/portarias-remotas\/\" data-type=\"link\" data-id=\"https:\/\/intervencaoeficaz.pt\/servicos\/portarias-remotas\/\">Remote Guard Services<\/a><\/li>\n<\/ul>\n<\/div>\n\n\n\n<div class=\"wp-block-column is-layout-flow wp-block-column-is-layout-flow\"><\/div>\n<\/div>\n<\/div>\n<\/div>\n\n\n\n<div class=\"wp-block-columns pag-atuacao is-layout-flex wp-container-core-columns-is-layout-9d6595d7 wp-block-columns-is-layout-flex\">\n<div class=\"wp-block-column is-layout-flow wp-block-column-is-layout-flow\" style=\"flex-basis:40%\">\n<div class=\"wp-block-cover is-light\" style=\"min-height:228px;aspect-ratio:unset;\"><span aria-hidden=\"true\" class=\"wp-block-cover__background has-background-dim\"><\/span><img loading=\"lazy\" decoding=\"async\" width=\"1440\" height=\"810\" class=\"wp-block-cover__image-background wp-image-960\" alt=\"\" src=\"http:\/\/intervencaoeficaz.com\/wp-content\/uploads\/2024\/06\/Banners-IEficaz_Casa14_2.jpg\" style=\"object-position:53% 28%\" data-object-fit=\"cover\" data-object-position=\"53% 28%\" srcset=\"https:\/\/intervencaoeficaz.pt\/wp-content\/uploads\/2024\/06\/Banners-IEficaz_Casa14_2.jpg 1440w, https:\/\/intervencaoeficaz.pt\/wp-content\/uploads\/2024\/06\/Banners-IEficaz_Casa14_2-300x169.jpg 300w, https:\/\/intervencaoeficaz.pt\/wp-content\/uploads\/2024\/06\/Banners-IEficaz_Casa14_2-1024x576.jpg 1024w, https:\/\/intervencaoeficaz.pt\/wp-content\/uploads\/2024\/06\/Banners-IEficaz_Casa14_2-768x432.jpg 768w, https:\/\/intervencaoeficaz.pt\/wp-content\/uploads\/2024\/06\/Banners-IEficaz_Casa14_2-416x234.jpg 416w\" sizes=\"auto, (max-width: 1440px) 100vw, 1440px\" \/><div class=\"wp-block-cover__inner-container is-layout-flow wp-block-cover-is-layout-flow\">\n<p class=\"has-text-align-center has-large-font-size\">Agents<\/p>\n<\/div><\/div>\n\n\n\n<p><\/p>\n<\/div>\n\n\n\n<div class=\"wp-block-column padding-top-1 is-layout-flow wp-block-column-is-layout-flow\" style=\"flex-basis:60%\">\n<p>Have you ever considered becoming an agent in this field? Learn how you can do it at Interven\u00e7\u00e3o Eficaz.<\/p>\n\n\n\n<div class=\"wp-block-columns is-layout-flex wp-container-core-columns-is-layout-9d6595d7 wp-block-columns-is-layout-flex\">\n<div class=\"wp-block-column area-atuacao-list is-layout-flow wp-block-column-is-layout-flow\">\n<ul style=\"color:#3d4043\" class=\"wp-block-list has-text-color\">\n<li><a href=\"https:\/\/intervencaoeficaz.pt\/en\/agentes\/\" data-type=\"link\" data-id=\"https:\/\/intervencaoeficaz.pt\/agentes\/\">See more<\/a><\/li>\n<\/ul>\n<\/div>\n\n\n\n<div class=\"wp-block-column is-layout-flow wp-block-column-is-layout-flow\"><\/div>\n<\/div>\n<\/div>\n<\/div>\n\n\n\n<p><\/p>","protected":false},"excerpt":{"rendered":"<p>Conhe\u00e7a a nossa ampla gama de solu\u00e7\u00f5es para prote\u00e7\u00e3o da sua casa, empresa ou outros Na Interven\u00e7\u00e3o Eficaz, oferecemos prote\u00e7\u00e3o 24\/7 com resposta imediata, garantindo a seguran\u00e7a da sua casa a qualquer hora do dia ou da noite. O nosso sistema de monitoriza\u00e7\u00e3o avan\u00e7ado e a equipa de profissionais dedicados est\u00e3o sempre prontos para agir [&hellip;]<\/p>\n","protected":false},"author":1,"featured_media":0,"parent":0,"menu_order":0,"comment_status":"closed","ping_status":"closed","template":"","meta":{"footnotes":""},"class_list":["post-244","page","type-page","status-publish","hentry"],"_links":{"self":[{"href":"https:\/\/intervencaoeficaz.pt\/en\/wp-json\/wp\/v2\/pages\/244","targetHints":{"allow":["GET"]}}],"collection":[{"href":"https:\/\/intervencaoeficaz.pt\/en\/wp-json\/wp\/v2\/pages"}],"about":[{"href":"https:\/\/intervencaoeficaz.pt\/en\/wp-json\/wp\/v2\/types\/page"}],"author":[{"embeddable":true,"href":"https:\/\/intervencaoeficaz.pt\/en\/wp-json\/wp\/v2\/users\/1"}],"replies":[{"embeddable":true,"href":"https:\/\/intervencaoeficaz.pt\/en\/wp-json\/wp\/v2\/comments?post=244"}],"version-history":[{"count":41,"href":"https:\/\/intervencaoeficaz.pt\/en\/wp-json\/wp\/v2\/pages\/244\/revisions"}],"predecessor-version":[{"id":1277,"href":"https:\/\/intervencaoeficaz.pt\/en\/wp-json\/wp\/v2\/pages\/244\/revisions\/1277"}],"wp:attachment":[{"href":"https:\/\/intervencaoeficaz.pt\/en\/wp-json\/wp\/v2\/media?parent=244"}],"curies":[{"name":"wp","href":"https:\/\/api.w.org\/{rel}","templated":true}]}}