{"id":750,"date":"2024-05-15T16:57:50","date_gmt":"2024-05-15T15:57:50","guid":{"rendered":"http:\/\/intervencaoeficaz.com\/?page_id=750"},"modified":"2024-10-08T11:07:59","modified_gmt":"2024-10-08T10:07:59","slug":"agentes","status":"publish","type":"page","link":"https:\/\/intervencaoeficaz.pt\/en\/agentes\/","title":{"rendered":"Do you want to be an Agent of Interven\u00e7\u00e3o Eficaz?"},"content":{"rendered":"<h3 class=\"wp-block-heading\">Become an authorized Interven\u00e7\u00e3o Eficaz agent<\/h3>\n\n\n\n<p>Being an agent of Interven\u00e7\u00e3o Eficaz is much more than entrepreneurship; it is a way of life.<\/p>\n\n\n\n<div style=\"height:30px\" aria-hidden=\"true\" class=\"wp-block-spacer\"><\/div>\n\n\n\n<div class=\"wp-block-columns is-layout-flex wp-container-core-columns-is-layout-9d6595d7 wp-block-columns-is-layout-flex\">\n<div class=\"wp-block-column is-vertically-aligned-top is-layout-flow wp-block-column-is-layout-flow\">\n<figure class=\"wp-block-image size-full\"><img loading=\"lazy\" decoding=\"async\" width=\"371\" height=\"243\" src=\"https:\/\/intervencaoeficaz.pt\/wp-content\/uploads\/2024\/10\/Agentes_Tempo-2.png\" alt=\"\" class=\"wp-image-1308\" style=\"aspect-ratio:1;object-fit:cover\" srcset=\"https:\/\/intervencaoeficaz.pt\/wp-content\/uploads\/2024\/10\/Agentes_Tempo-2.png 371w, https:\/\/intervencaoeficaz.pt\/wp-content\/uploads\/2024\/10\/Agentes_Tempo-2-300x196.png 300w, https:\/\/intervencaoeficaz.pt\/wp-content\/uploads\/2024\/10\/Agentes_Tempo-2-18x12.png 18w\" sizes=\"auto, (max-width: 371px) 100vw, 371px\" \/><\/figure>\n\n\n\n<p class=\"has-text-align-center\">Have more time for yourself and your family<\/p>\n<\/div>\n\n\n\n<div class=\"wp-block-column is-vertically-aligned-top is-layout-flow wp-block-column-is-layout-flow\">\n<figure class=\"wp-block-image size-full\"><img loading=\"lazy\" decoding=\"async\" width=\"371\" height=\"243\" src=\"https:\/\/intervencaoeficaz.pt\/wp-content\/uploads\/2024\/10\/Agentes_Horario.png\" alt=\"\" class=\"wp-image-1310\" style=\"aspect-ratio:1;object-fit:cover\" srcset=\"https:\/\/intervencaoeficaz.pt\/wp-content\/uploads\/2024\/10\/Agentes_Horario.png 371w, https:\/\/intervencaoeficaz.pt\/wp-content\/uploads\/2024\/10\/Agentes_Horario-300x196.png 300w, https:\/\/intervencaoeficaz.pt\/wp-content\/uploads\/2024\/10\/Agentes_Horario-18x12.png 18w\" sizes=\"auto, (max-width: 371px) 100vw, 371px\" \/><\/figure>\n\n\n\n<p class=\"has-text-align-center\">Set your own schedule<\/p>\n<\/div>\n\n\n\n<div class=\"wp-block-column is-layout-flow wp-block-column-is-layout-flow\">\n<figure class=\"wp-block-image size-full\"><img loading=\"lazy\" decoding=\"async\" width=\"371\" height=\"243\" src=\"https:\/\/intervencaoeficaz.pt\/wp-content\/uploads\/2024\/10\/Agentes_Comissao.png\" alt=\"\" class=\"wp-image-1312\" style=\"aspect-ratio:1;object-fit:cover\" srcset=\"https:\/\/intervencaoeficaz.pt\/wp-content\/uploads\/2024\/10\/Agentes_Comissao.png 371w, https:\/\/intervencaoeficaz.pt\/wp-content\/uploads\/2024\/10\/Agentes_Comissao-300x196.png 300w, https:\/\/intervencaoeficaz.pt\/wp-content\/uploads\/2024\/10\/Agentes_Comissao-18x12.png 18w\" sizes=\"auto, (max-width: 371px) 100vw, 371px\" \/><\/figure>\n\n\n\n<p class=\"has-text-align-center\">Earn high commissions on products and services<\/p>\n<\/div>\n<\/div>\n\n\n\n<hr class=\"wp-block-separator has-css-opacity is-style-wide\"\/>\n\n\n\n<div style=\"height:30px\" aria-hidden=\"true\" class=\"wp-block-spacer\"><\/div>\n\n\n\n<h3 class=\"wp-block-heading\">Advantages of the IE alarm system<\/h3>\n\n\n\n<p class=\"cem-por-cento\">An intelligent, innovative, secure, and modularly expandable alarm system. The intuitive, versatile, and transparent operation of the alarm system allows clients to manage it effortlessly. The modular design, with its diverse range of components, not only addresses various aspects of security but also enhances comfort and efficiency through home automation modules. Additionally, the IE system enables 24\/7 connectivity and supervision, with police notifications and emergency call handling. We offer value-added services that our clients will be pleased to benefit from.<\/p>\n\n\n\n<p class=\"cem-por-cento\">We provide our clients with the best solutions to meet their desires and needs as effectively as possible. Due to the spirit of innovation that is in our team's DNA, we frequently expand our range of services to cover various segments.<\/p>\n\n\n\n<p class=\"cem-por-cento\">Quality, design, innovation, reliability, and expertise have been our top priorities for over 20 years. Our alarm systems are user-friendly through the app and offer a high level of security. We provide quick, wireless installations.<\/p>\n\n\n\n<h3 class=\"wp-block-heading has-text-align-left\">4 pillars of effective security<\/h3>\n\n\n<div class=\"wp-block-image\">\n<figure class=\"aligncenter size-full is-resized\"><img loading=\"lazy\" decoding=\"async\" width=\"810\" height=\"810\" src=\"http:\/\/intervencaoeficaz.com\/wp-content\/uploads\/2024\/07\/4pilares.jpg\" alt=\"\" class=\"wp-image-1139\" style=\"width:608px;height:608px\" srcset=\"https:\/\/intervencaoeficaz.pt\/wp-content\/uploads\/2024\/07\/4pilares.jpg 810w, https:\/\/intervencaoeficaz.pt\/wp-content\/uploads\/2024\/07\/4pilares-300x300.jpg 300w, https:\/\/intervencaoeficaz.pt\/wp-content\/uploads\/2024\/07\/4pilares-150x150.jpg 150w, https:\/\/intervencaoeficaz.pt\/wp-content\/uploads\/2024\/07\/4pilares-768x768.jpg 768w, https:\/\/intervencaoeficaz.pt\/wp-content\/uploads\/2024\/07\/4pilares-324x324.jpg 324w, https:\/\/intervencaoeficaz.pt\/wp-content\/uploads\/2024\/07\/4pilares-416x416.jpg 416w, https:\/\/intervencaoeficaz.pt\/wp-content\/uploads\/2024\/07\/4pilares-100x100.jpg 100w\" sizes=\"auto, (max-width: 810px) 100vw, 810px\" \/><\/figure>\n<\/div>\n\n\n<p class=\"cem-por-cento\">Join the Interven\u00e7\u00e3o Eficaz family and help make your region safer by installing IE alarm systems.<\/p>\n\n\n\n<div style=\"height:50px\" aria-hidden=\"true\" class=\"wp-block-spacer\"><\/div>\n\n\n\n<hr class=\"wp-block-separator has-css-opacity is-style-wide\"\/>\n\n\n\n<div style=\"height:50px\" aria-hidden=\"true\" class=\"wp-block-spacer\"><\/div>\n\n\n\n<h2 class=\"wp-block-heading\">Are you interested in working with us?<\/h2>\n\n\n\n<p>Please leave us your contact details.<\/p>\n\n\n\n<div class=\"wp-block-columns is-layout-flex wp-container-core-columns-is-layout-9d6595d7 wp-block-columns-is-layout-flex\">\n<div class=\"wp-block-column is-layout-flow wp-block-column-is-layout-flow\">\n<div class=\"wp-block-contact-form-7-contact-form-selector\">\n<div class=\"wpcf7 no-js\" id=\"wpcf7-f1127-o1\" lang=\"pt-PT\" dir=\"ltr\" data-wpcf7-id=\"1127\">\n<div class=\"screen-reader-response\"><p role=\"status\" aria-live=\"polite\" aria-atomic=\"true\"><\/p> <ul><\/ul><\/div>\n<form action=\"\/en\/wp-json\/wp\/v2\/pages\/750#wpcf7-f1127-o1\" method=\"post\" class=\"wpcf7-form init\" aria-label=\"Formul\u00e1rio de contacto\" novalidate=\"novalidate\" data-status=\"init\" data-trp-original-action=\"\/en\/wp-json\/wp\/v2\/pages\/750#wpcf7-f1127-o1\">\n<fieldset class=\"hidden-fields-container\"><input type=\"hidden\" name=\"_wpcf7\" value=\"1127\" \/><input type=\"hidden\" name=\"_wpcf7_version\" value=\"6.1.5\" \/><input type=\"hidden\" name=\"_wpcf7_locale\" value=\"pt_PT\" \/><input type=\"hidden\" name=\"_wpcf7_unit_tag\" value=\"wpcf7-f1127-o1\" \/><input type=\"hidden\" name=\"_wpcf7_container_post\" value=\"0\" \/><input type=\"hidden\" name=\"_wpcf7_posted_data_hash\" value=\"\" \/>\n<\/fieldset>\n<p><label> Name *<br \/>\n<span class=\"wpcf7-form-control-wrap\" data-name=\"nome\"><input size=\"40\" maxlength=\"400\" class=\"wpcf7-form-control wpcf7-text wpcf7-validates-as-required\" aria-required=\"true\" aria-invalid=\"false\" value=\"\" type=\"text\" name=\"nome\" \/><\/span> <\/label>\n<\/p>\n<p><label> VAT number *<br \/>\n<span class=\"wpcf7-form-control-wrap\" data-name=\"nif\"><input size=\"40\" maxlength=\"400\" class=\"wpcf7-form-control wpcf7-text wpcf7-validates-as-required\" aria-required=\"true\" aria-invalid=\"false\" value=\"\" type=\"text\" name=\"nif\" \/><\/span> <\/label>\n<\/p>\n<p><label> Phone number *<br \/>\n<span class=\"wpcf7-form-control-wrap\" data-name=\"telefone\"><input size=\"40\" maxlength=\"400\" class=\"wpcf7-form-control wpcf7-text wpcf7-validates-as-required\" aria-required=\"true\" aria-invalid=\"false\" value=\"\" type=\"text\" name=\"telefone\" \/><\/span> <\/label>\n<\/p>\n<p><label> Email *<br \/>\n<span class=\"wpcf7-form-control-wrap\" data-name=\"email\"><input size=\"40\" maxlength=\"400\" class=\"wpcf7-form-control wpcf7-text wpcf7-validates-as-required\" aria-required=\"true\" aria-invalid=\"false\" value=\"\" type=\"text\" name=\"email\" \/><\/span> <\/label>\n<\/p>\n<p><label>Do you have experience in the field? *<br \/>\n<span class=\"wpcf7-form-control-wrap\" data-name=\"tem-experiencia\"><select class=\"wpcf7-form-control wpcf7-select wpcf7-validates-as-required\" aria-required=\"true\" aria-invalid=\"false\" name=\"tem-experiencia\"><option value=\"Escolher uma op\u00e7\u00e3o\">Escolher uma op\u00e7\u00e3o<\/option><option value=\"Sim + 1 ano\">Sim + 1 ano<\/option><option value=\"Sim + 5 anos\">Sim + 5 anos<\/option><option value=\"N\u00e3o\">No<\/option><\/select><\/span> <\/label>\n<\/p>\n<p><input class=\"wpcf7-form-control wpcf7-submit has-spinner\" type=\"submit\" value=\"Submit\" \/>\n<\/p><div class=\"wpcf7-response-output\" aria-hidden=\"true\"><\/div>\n<input type=\"hidden\" name=\"trp-form-language\" value=\"en\"\/><\/form>\n<\/div>\n<\/div>\n<\/div>\n\n\n\n<div class=\"wp-block-column is-layout-flow wp-block-column-is-layout-flow\">\n<figure class=\"wp-block-image size-full\"><img loading=\"lazy\" decoding=\"async\" width=\"508\" height=\"805\" src=\"http:\/\/intervencaoeficaz.com\/wp-content\/uploads\/2024\/05\/image-5.png\" alt=\"\" class=\"wp-image-769\" srcset=\"https:\/\/intervencaoeficaz.pt\/wp-content\/uploads\/2024\/05\/image-5.png 508w, https:\/\/intervencaoeficaz.pt\/wp-content\/uploads\/2024\/05\/image-5-189x300.png 189w, https:\/\/intervencaoeficaz.pt\/wp-content\/uploads\/2024\/05\/image-5-416x659.png 416w\" sizes=\"auto, (max-width: 508px) 100vw, 508px\" \/><\/figure>\n<\/div>\n<\/div>","protected":false},"excerpt":{"rendered":"<p>Torne se um agente autorizado Interven\u00e7\u00e3o Eficaz Ser agente da Interven\u00e7\u00e3o Eficaz \u00e9 muito mais do que empreendedorismo, \u00e9 um estilo de vida. Tenha mais tempo para si e para a sua fam\u00edlia Fa\u00e7a o seu pr\u00f3prio hor\u00e1rio Ganhe elevadas comiss\u00f5es sobre produtos e servi\u00e7os Vantagens do sistema de alarme IE Um sistema de alarme [&hellip;]<\/p>\n","protected":false},"author":1,"featured_media":960,"parent":0,"menu_order":0,"comment_status":"closed","ping_status":"closed","template":"","meta":{"footnotes":""},"class_list":["post-750","page","type-page","status-publish","has-post-thumbnail","hentry"],"_links":{"self":[{"href":"https:\/\/intervencaoeficaz.pt\/en\/wp-json\/wp\/v2\/pages\/750","targetHints":{"allow":["GET"]}}],"collection":[{"href":"https:\/\/intervencaoeficaz.pt\/en\/wp-json\/wp\/v2\/pages"}],"about":[{"href":"https:\/\/intervencaoeficaz.pt\/en\/wp-json\/wp\/v2\/types\/page"}],"author":[{"embeddable":true,"href":"https:\/\/intervencaoeficaz.pt\/en\/wp-json\/wp\/v2\/users\/1"}],"replies":[{"embeddable":true,"href":"https:\/\/intervencaoeficaz.pt\/en\/wp-json\/wp\/v2\/comments?post=750"}],"version-history":[{"count":43,"href":"https:\/\/intervencaoeficaz.pt\/en\/wp-json\/wp\/v2\/pages\/750\/revisions"}],"predecessor-version":[{"id":1313,"href":"https:\/\/intervencaoeficaz.pt\/en\/wp-json\/wp\/v2\/pages\/750\/revisions\/1313"}],"wp:featuredmedia":[{"embeddable":true,"href":"https:\/\/intervencaoeficaz.pt\/en\/wp-json\/wp\/v2\/media\/960"}],"wp:attachment":[{"href":"https:\/\/intervencaoeficaz.pt\/en\/wp-json\/wp\/v2\/media?parent=750"}],"curies":[{"name":"wp","href":"https:\/\/api.w.org\/{rel}","templated":true}]}}