{"id":794,"date":"2024-05-27T12:00:27","date_gmt":"2024-05-27T11:00:27","guid":{"rendered":"http:\/\/intervencaoeficaz.com\/?page_id=794"},"modified":"2024-10-08T09:40:47","modified_gmt":"2024-10-08T08:40:47","slug":"produtos-casas","status":"publish","type":"page","link":"https:\/\/intervencaoeficaz.pt\/en\/casas\/produtos-casas\/","title":{"rendered":"Home Solutions"},"content":{"rendered":"<h2 class=\"wp-block-heading\">24\/7 Protection with Immediate Response<\/h2>\n\n\n\n<p>At Interven\u00e7\u00e3o Eficaz, we offer 24\/7 protection with immediate response, ensuring the safety of your home at any time of the day or night. Our advanced monitoring system and dedicated team of professionals are always ready to act quickly in any emergency situation, providing you with ongoing peace of mind and confidence.<\/p>\n\n\n\n<figure class=\"wp-block-image size-large\"><img loading=\"lazy\" decoding=\"async\" width=\"1024\" height=\"542\" src=\"http:\/\/intervencaoeficaz.com\/wp-content\/uploads\/2024\/05\/Rectangle-38-1024x542.png\" alt=\"\" class=\"wp-image-760\" srcset=\"https:\/\/intervencaoeficaz.pt\/wp-content\/uploads\/2024\/05\/Rectangle-38-1024x542.png 1024w, https:\/\/intervencaoeficaz.pt\/wp-content\/uploads\/2024\/05\/Rectangle-38-300x159.png 300w, https:\/\/intervencaoeficaz.pt\/wp-content\/uploads\/2024\/05\/Rectangle-38-768x406.png 768w, https:\/\/intervencaoeficaz.pt\/wp-content\/uploads\/2024\/05\/Rectangle-38-416x220.png 416w, https:\/\/intervencaoeficaz.pt\/wp-content\/uploads\/2024\/05\/Rectangle-38.png 1068w\" sizes=\"auto, (max-width: 1024px) 100vw, 1024px\" \/><\/figure>\n\n\n\n<hr class=\"wp-block-separator has-css-opacity is-style-wide\"\/>\n\n\n\n<h2 class=\"wp-block-heading\">Alarm management via app<\/h2>\n\n\n\n<div class=\"wp-block-columns is-layout-flex wp-container-core-columns-is-layout-9d6595d7 wp-block-columns-is-layout-flex\">\n<div class=\"wp-block-column is-layout-flow wp-block-column-is-layout-flow\" style=\"flex-basis:66.66%\">\n<p class=\"cem-por-cento\">Managing your home alarm has never been easier or more convenient. With an intuitive mobile app, you can monitor and control your security system in real time, wherever you are. Receive instant notifications, arm and disarm the alarm remotely, and access detailed reports on your system\u2019s activity. All of this is at your fingertips, ensuring effective and continuous protection for your home. <\/p>\n<\/div>\n\n\n\n<div class=\"wp-block-column is-layout-flow wp-block-column-is-layout-flow\" style=\"flex-basis:33.33%\">\n<figure class=\"wp-block-image size-large\"><img loading=\"lazy\" decoding=\"async\" width=\"1024\" height=\"576\" src=\"http:\/\/intervencaoeficaz.com\/wp-content\/uploads\/2024\/07\/Banners-IEficaz_Casa16-1024x576.jpg\" alt=\"\" class=\"wp-image-1190\" srcset=\"https:\/\/intervencaoeficaz.pt\/wp-content\/uploads\/2024\/07\/Banners-IEficaz_Casa16-1024x576.jpg 1024w, https:\/\/intervencaoeficaz.pt\/wp-content\/uploads\/2024\/07\/Banners-IEficaz_Casa16-300x169.jpg 300w, https:\/\/intervencaoeficaz.pt\/wp-content\/uploads\/2024\/07\/Banners-IEficaz_Casa16-768x432.jpg 768w, https:\/\/intervencaoeficaz.pt\/wp-content\/uploads\/2024\/07\/Banners-IEficaz_Casa16-1536x864.jpg 1536w, https:\/\/intervencaoeficaz.pt\/wp-content\/uploads\/2024\/07\/Banners-IEficaz_Casa16-416x234.jpg 416w, https:\/\/intervencaoeficaz.pt\/wp-content\/uploads\/2024\/07\/Banners-IEficaz_Casa16.jpg 1920w\" sizes=\"auto, (max-width: 1024px) 100vw, 1024px\" \/><\/figure>\n<\/div>\n<\/div>\n\n\n\n<h2 class=\"wp-block-heading\">Prote\u00e7\u00e3o exterior com detetor e c\u00e2mara<\/h2>\n\n\n\n<div class=\"wp-block-columns is-layout-flex wp-container-core-columns-is-layout-9d6595d7 wp-block-columns-is-layout-flex\">\n<div class=\"wp-block-column is-layout-flow wp-block-column-is-layout-flow\" style=\"flex-basis:33.33%\">\n<figure class=\"wp-block-image size-large\"><img loading=\"lazy\" decoding=\"async\" width=\"1024\" height=\"576\" src=\"http:\/\/intervencaoeficaz.com\/wp-content\/uploads\/2024\/06\/Banners-IEficaz_Casa10-1024x576.jpg\" alt=\"\" class=\"wp-image-866\" srcset=\"https:\/\/intervencaoeficaz.pt\/wp-content\/uploads\/2024\/06\/Banners-IEficaz_Casa10-1024x576.jpg 1024w, https:\/\/intervencaoeficaz.pt\/wp-content\/uploads\/2024\/06\/Banners-IEficaz_Casa10-300x169.jpg 300w, https:\/\/intervencaoeficaz.pt\/wp-content\/uploads\/2024\/06\/Banners-IEficaz_Casa10-768x432.jpg 768w, https:\/\/intervencaoeficaz.pt\/wp-content\/uploads\/2024\/06\/Banners-IEficaz_Casa10-416x234.jpg 416w, https:\/\/intervencaoeficaz.pt\/wp-content\/uploads\/2024\/06\/Banners-IEficaz_Casa10.jpg 1440w\" sizes=\"auto, (max-width: 1024px) 100vw, 1024px\" \/><\/figure>\n<\/div>\n\n\n\n<div class=\"wp-block-column is-layout-flow wp-block-column-is-layout-flow\" style=\"flex-basis:66.66%\">\n<p class=\"cem-por-cento\">Eleve a seguran\u00e7a da sua casa com a Prote\u00e7\u00e3o Exterior equipada com detetor e c\u00e2mara. Este sistema avan\u00e7ado permite monitorizar o per\u00edmetro da sua propriedade em tempo real, capturando imagens de alta resolu\u00e7\u00e3o sempre que um movimento \u00e9 detetado. Com esta tecnologia, pode identificar rapidamente qualquer atividade suspeita e tomar as medidas necess\u00e1rias para proteger o seu lar, garantindo tranquilidade e seguran\u00e7a acrescida para si e para a sua fam\u00edlia.<\/p>\n<\/div>\n<\/div>\n\n\n\n<h2 class=\"wp-block-heading\">Door and Window protection<\/h2>\n\n\n\n<div class=\"wp-block-columns is-layout-flex wp-container-core-columns-is-layout-9d6595d7 wp-block-columns-is-layout-flex\">\n<div class=\"wp-block-column is-layout-flow wp-block-column-is-layout-flow\" style=\"flex-basis:66.66%\">\n<p class=\"cem-por-cento\">Security starts at your home's main entry points. That's why we offer door and window protection systems that use cutting-edge technology to detect any attempts at intrusion. Advanced sensors continuously monitor all entry points, triggering immediate alarms in the event of a breach. With this protection, you can feel confident knowing that the most vulnerable areas of your home are constantly monitored, ensuring a safe and secure environment for your entire family.<\/p>\n<\/div>\n\n\n\n<div class=\"wp-block-column is-layout-flow wp-block-column-is-layout-flow\" style=\"flex-basis:33.33%\">\n<figure class=\"wp-block-image size-large\"><img loading=\"lazy\" decoding=\"async\" width=\"1024\" height=\"576\" src=\"http:\/\/intervencaoeficaz.com\/wp-content\/uploads\/2024\/06\/Banners-IEficaz_Casa3-1024x576.jpg\" alt=\"\" class=\"wp-image-869\" srcset=\"https:\/\/intervencaoeficaz.pt\/wp-content\/uploads\/2024\/06\/Banners-IEficaz_Casa3-1024x576.jpg 1024w, https:\/\/intervencaoeficaz.pt\/wp-content\/uploads\/2024\/06\/Banners-IEficaz_Casa3-300x169.jpg 300w, https:\/\/intervencaoeficaz.pt\/wp-content\/uploads\/2024\/06\/Banners-IEficaz_Casa3-768x432.jpg 768w, https:\/\/intervencaoeficaz.pt\/wp-content\/uploads\/2024\/06\/Banners-IEficaz_Casa3-1536x864.jpg 1536w, https:\/\/intervencaoeficaz.pt\/wp-content\/uploads\/2024\/06\/Banners-IEficaz_Casa3-416x234.jpg 416w, https:\/\/intervencaoeficaz.pt\/wp-content\/uploads\/2024\/06\/Banners-IEficaz_Casa3.jpg 1920w\" sizes=\"auto, (max-width: 1024px) 100vw, 1024px\" \/><\/figure>\n<\/div>\n<\/div>\n\n\n\n<h2 class=\"wp-block-heading\">24\/7 emergency SOS button<\/h2>\n\n\n\n<div class=\"wp-block-columns is-layout-flex wp-container-core-columns-is-layout-9d6595d7 wp-block-columns-is-layout-flex\">\n<div class=\"wp-block-column is-layout-flow wp-block-column-is-layout-flow\" style=\"flex-basis:33.33%\">\n<figure class=\"wp-block-image size-large\"><img loading=\"lazy\" decoding=\"async\" width=\"1024\" height=\"576\" src=\"http:\/\/intervencaoeficaz.com\/wp-content\/uploads\/2024\/06\/Banners-IEficaz_Casa11-1024x576.jpg\" alt=\"\" class=\"wp-image-874\" srcset=\"https:\/\/intervencaoeficaz.pt\/wp-content\/uploads\/2024\/06\/Banners-IEficaz_Casa11-1024x576.jpg 1024w, https:\/\/intervencaoeficaz.pt\/wp-content\/uploads\/2024\/06\/Banners-IEficaz_Casa11-300x169.jpg 300w, https:\/\/intervencaoeficaz.pt\/wp-content\/uploads\/2024\/06\/Banners-IEficaz_Casa11-768x432.jpg 768w, https:\/\/intervencaoeficaz.pt\/wp-content\/uploads\/2024\/06\/Banners-IEficaz_Casa11-416x234.jpg 416w, https:\/\/intervencaoeficaz.pt\/wp-content\/uploads\/2024\/06\/Banners-IEficaz_Casa11.jpg 1440w\" sizes=\"auto, (max-width: 1024px) 100vw, 1024px\" \/><\/figure>\n<\/div>\n\n\n\n<div class=\"wp-block-column is-layout-flow wp-block-column-is-layout-flow\" style=\"flex-basis:66.66%\">\n<p class=\"cem-por-cento\">Your safety is our priority, which is why you always have access to the 24\/7 Emergency SOS Button. This device allows you to request immediate assistance with a single touch, instantly connecting you to our monitoring center, which operates around the clock. In any emergency situation, teams will be ready to respond swiftly, ensuring that the necessary assistance reaches you without delay. With the SOS Button, you can always have the peace of mind knowing you\u2019re never alone in critical moments.<\/p>\n<\/div>\n<\/div>\n\n\n\n<h2 class=\"wp-block-heading\">24\/7 police connection<\/h2>\n\n\n\n<div class=\"wp-block-columns is-layout-flex wp-container-core-columns-is-layout-9d6595d7 wp-block-columns-is-layout-flex\">\n<div class=\"wp-block-column is-layout-flow wp-block-column-is-layout-flow\" style=\"flex-basis:66.66%\">\n<p class=\"cem-por-cento\">Direct connection to the police 24 hours a day to ensure maximum security for your home. In case of an emergency, our advanced monitoring system immediately notifies the authorities, speeding up the police response and intervention. This rapid and efficient connection ensures that any threat to your security is addressed with the necessary urgency, providing you with continuous protection and the peace of mind knowing that your home is always monitored and safeguarded.<\/p>\n<\/div>\n\n\n\n<div class=\"wp-block-column is-layout-flow wp-block-column-is-layout-flow\" style=\"flex-basis:33.33%\">\n<figure class=\"wp-block-image size-large\"><img loading=\"lazy\" decoding=\"async\" width=\"1024\" height=\"576\" src=\"http:\/\/intervencaoeficaz.com\/wp-content\/uploads\/2024\/06\/Banners-IEficaz_Casa7-1024x576.jpg\" alt=\"\" class=\"wp-image-848\" srcset=\"https:\/\/intervencaoeficaz.pt\/wp-content\/uploads\/2024\/06\/Banners-IEficaz_Casa7-1024x576.jpg 1024w, https:\/\/intervencaoeficaz.pt\/wp-content\/uploads\/2024\/06\/Banners-IEficaz_Casa7-300x169.jpg 300w, https:\/\/intervencaoeficaz.pt\/wp-content\/uploads\/2024\/06\/Banners-IEficaz_Casa7-768x432.jpg 768w, https:\/\/intervencaoeficaz.pt\/wp-content\/uploads\/2024\/06\/Banners-IEficaz_Casa7-416x234.jpg 416w, https:\/\/intervencaoeficaz.pt\/wp-content\/uploads\/2024\/06\/Banners-IEficaz_Casa7.jpg 1440w\" sizes=\"auto, (max-width: 1024px) 100vw, 1024px\" \/><\/figure>\n<\/div>\n<\/div>\n\n\n\n<h2 class=\"wp-block-heading\">Fire protection<\/h2>\n\n\n\n<div class=\"wp-block-columns is-layout-flex wp-container-core-columns-is-layout-9d6595d7 wp-block-columns-is-layout-flex\">\n<div class=\"wp-block-column is-layout-flow wp-block-column-is-layout-flow\" style=\"flex-basis:33.33%\">\n<figure class=\"wp-block-image size-large\"><img loading=\"lazy\" decoding=\"async\" width=\"1024\" height=\"576\" src=\"http:\/\/intervencaoeficaz.com\/wp-content\/uploads\/2024\/06\/Banners-IEficaz_Casa12-1024x576.jpg\" alt=\"\" class=\"wp-image-881\" srcset=\"https:\/\/intervencaoeficaz.pt\/wp-content\/uploads\/2024\/06\/Banners-IEficaz_Casa12-1024x576.jpg 1024w, https:\/\/intervencaoeficaz.pt\/wp-content\/uploads\/2024\/06\/Banners-IEficaz_Casa12-300x169.jpg 300w, https:\/\/intervencaoeficaz.pt\/wp-content\/uploads\/2024\/06\/Banners-IEficaz_Casa12-768x432.jpg 768w, https:\/\/intervencaoeficaz.pt\/wp-content\/uploads\/2024\/06\/Banners-IEficaz_Casa12-416x234.jpg 416w, https:\/\/intervencaoeficaz.pt\/wp-content\/uploads\/2024\/06\/Banners-IEficaz_Casa12.jpg 1440w\" sizes=\"auto, (max-width: 1024px) 100vw, 1024px\" \/><\/figure>\n<\/div>\n\n\n\n<div class=\"wp-block-column is-layout-flow wp-block-column-is-layout-flow\" style=\"flex-basis:66.66%\">\n<p class=\"cem-por-cento\">Our smoke and heat detection systems are state-of-the-art, designed to quickly identify any signs of fire and immediately alert emergency services. With our continuous monitoring and rapid response, we ensure that your home and family are protected against fire risks, giving you peace of mind knowing that you are prepared for any eventuality.<\/p>\n<\/div>\n<\/div>\n\n\n\n<h2 class=\"wp-block-heading\">Flood protection<\/h2>\n\n\n\n<div class=\"wp-block-columns is-layout-flex wp-container-core-columns-is-layout-9d6595d7 wp-block-columns-is-layout-flex\">\n<div class=\"wp-block-column is-layout-flow wp-block-column-is-layout-flow\" style=\"flex-basis:66.66%\">\n<p class=\"cem-por-cento\">Solu\u00e7\u00f5es avan\u00e7adas de prote\u00e7\u00e3o contra inunda\u00e7\u00f5es para proteger a sua casa em situa\u00e7\u00f5es de emerg\u00eancia. Utilizamos sensores especializados que monitorizam constantemente o n\u00edvel de \u00e1gua, alertando imediatamente para qualquer aumento repentino. Com esta tecnologia, pode agir rapidamente para minimizar danos, seja atrav\u00e9s da ativa\u00e7\u00e3o de v\u00e1lvulas de corte autom\u00e1ticas ou do envio de alertas para a nossa equipa de resposta. Garantimos assim uma resposta eficaz e preventiva, assegurando que a sua casa est\u00e1 sempre protegida contra os riscos de inunda\u00e7\u00e3o, mesmo na sua aus\u00eancia.<\/p>\n<\/div>\n\n\n\n<div class=\"wp-block-column is-layout-flow wp-block-column-is-layout-flow\" style=\"flex-basis:33.33%\">\n<figure class=\"wp-block-image size-large\"><img loading=\"lazy\" decoding=\"async\" width=\"1024\" height=\"576\" src=\"http:\/\/intervencaoeficaz.com\/wp-content\/uploads\/2024\/06\/Banners-IEficaz_Casa13-1024x576.jpg\" alt=\"\" class=\"wp-image-884\" srcset=\"https:\/\/intervencaoeficaz.pt\/wp-content\/uploads\/2024\/06\/Banners-IEficaz_Casa13-1024x576.jpg 1024w, https:\/\/intervencaoeficaz.pt\/wp-content\/uploads\/2024\/06\/Banners-IEficaz_Casa13-300x169.jpg 300w, https:\/\/intervencaoeficaz.pt\/wp-content\/uploads\/2024\/06\/Banners-IEficaz_Casa13-768x432.jpg 768w, https:\/\/intervencaoeficaz.pt\/wp-content\/uploads\/2024\/06\/Banners-IEficaz_Casa13-416x234.jpg 416w, https:\/\/intervencaoeficaz.pt\/wp-content\/uploads\/2024\/06\/Banners-IEficaz_Casa13.jpg 1440w\" sizes=\"auto, (max-width: 1024px) 100vw, 1024px\" \/><\/figure>\n<\/div>\n<\/div>\n\n\n\n<div style=\"height:20px\" aria-hidden=\"true\" class=\"wp-block-spacer\"><\/div>\n\n\n\n<hr class=\"wp-block-separator has-css-opacity is-style-wide\"\/>\n\n\n\n<div style=\"height:50px\" aria-hidden=\"true\" class=\"wp-block-spacer\"><\/div>\n\n\n\n<h2 class=\"wp-block-heading\">Request your free quote<\/h2>\n\n\n\n<div class=\"wp-block-columns is-layout-flex wp-container-core-columns-is-layout-9d6595d7 wp-block-columns-is-layout-flex\">\n<div class=\"wp-block-column is-layout-flow wp-block-column-is-layout-flow\">\n<div class=\"wp-block-contact-form-7-contact-form-selector\">\n<div class=\"wpcf7 no-js\" id=\"wpcf7-f781-o1\" lang=\"pt-PT\" dir=\"ltr\" data-wpcf7-id=\"781\">\n<div class=\"screen-reader-response\"><p role=\"status\" aria-live=\"polite\" aria-atomic=\"true\"><\/p> <ul><\/ul><\/div>\n<form action=\"\/en\/wp-json\/wp\/v2\/pages\/794#wpcf7-f781-o1\" method=\"post\" class=\"wpcf7-form init\" aria-label=\"Formul\u00e1rio de contacto\" novalidate=\"novalidate\" data-status=\"init\" data-trp-original-action=\"\/en\/wp-json\/wp\/v2\/pages\/794#wpcf7-f781-o1\">\n<fieldset class=\"hidden-fields-container\"><input type=\"hidden\" name=\"_wpcf7\" value=\"781\" \/><input type=\"hidden\" name=\"_wpcf7_version\" value=\"6.1.5\" \/><input type=\"hidden\" name=\"_wpcf7_locale\" value=\"pt_PT\" \/><input type=\"hidden\" name=\"_wpcf7_unit_tag\" value=\"wpcf7-f781-o1\" \/><input type=\"hidden\" name=\"_wpcf7_container_post\" value=\"0\" \/><input type=\"hidden\" name=\"_wpcf7_posted_data_hash\" value=\"\" \/>\n<\/fieldset>\n<p>Type of building? *<br \/>\n<span class=\"wpcf7-form-control-wrap\" data-name=\"tipo-residencia\"><span class=\"wpcf7-form-control wpcf7-radio\"><span class=\"wpcf7-list-item first\"><label><input type=\"radio\" name=\"tipo-residencia\" value=\"Moradia\" \/><span class=\"wpcf7-list-item-label\">House<\/span><\/label><\/span><span class=\"wpcf7-list-item\"><label><input type=\"radio\" name=\"tipo-residencia\" value=\"Apartamento\" \/><span class=\"wpcf7-list-item-label\">Apartment<\/span><\/label><\/span><span class=\"wpcf7-list-item\"><label><input type=\"radio\" name=\"tipo-residencia\" value=\"Empresa\" \/><span class=\"wpcf7-list-item-label\">Business<\/span><\/label><\/span><span class=\"wpcf7-list-item\"><label><input type=\"radio\" name=\"tipo-residencia\" value=\"Armaz\u00e9m\" \/><span class=\"wpcf7-list-item-label\">Warehouse<\/span><\/label><\/span><span class=\"wpcf7-list-item\"><label><input type=\"radio\" name=\"tipo-residencia\" value=\"Com\u00e9rcio\" \/><span class=\"wpcf7-list-item-label\">Retail<\/span><\/label><\/span><span class=\"wpcf7-list-item last\"><label><input type=\"radio\" name=\"tipo-residencia\" value=\"Outro\" \/><span class=\"wpcf7-list-item-label\">Other<\/span><\/label><\/span><\/span><\/span>\n<\/p>\n<p>Is this your primary residence? *<br \/>\n<span class=\"wpcf7-form-control-wrap\" data-name=\"residencia-habitual\"><span class=\"wpcf7-form-control wpcf7-radio\"><span class=\"wpcf7-list-item first\"><label><input type=\"radio\" name=\"residencia-habitual\" value=\"Sim\" \/><span class=\"wpcf7-list-item-label\">Yes<\/span><\/label><\/span><span class=\"wpcf7-list-item\"><label><input type=\"radio\" name=\"residencia-habitual\" value=\"N\u00e3o\" \/><span class=\"wpcf7-list-item-label\">No<\/span><\/label><\/span><span class=\"wpcf7-list-item last\"><label><input type=\"radio\" name=\"residencia-habitual\" value=\"N\u00e3o Aplic\u00e1vel\" \/><span class=\"wpcf7-list-item-label\">Not Applicable<\/span><\/label><\/span><\/span><\/span>\n<\/p>\n<p><label> Phone *<br \/>\n<span class=\"wpcf7-form-control-wrap\" data-name=\"telefone\"><input size=\"40\" maxlength=\"400\" class=\"wpcf7-form-control wpcf7-text wpcf7-validates-as-required\" aria-required=\"true\" aria-invalid=\"false\" value=\"\" type=\"text\" name=\"telefone\" \/><\/span><br \/>\n<\/label>\n<\/p>\n<p><label> Postal Code *<br \/>\n<span class=\"wpcf7-form-control-wrap\" data-name=\"codigo-postal\"><input size=\"40\" maxlength=\"400\" class=\"wpcf7-form-control wpcf7-text wpcf7-validates-as-required\" aria-required=\"true\" aria-invalid=\"false\" value=\"\" type=\"text\" name=\"codigo-postal\" \/><\/span><br \/>\n<\/label>\n<\/p>\n<p><input class=\"wpcf7-form-control wpcf7-submit has-spinner\" type=\"submit\" value=\"Submit request for quote\" \/>\n<\/p><div class=\"wpcf7-response-output\" aria-hidden=\"true\"><\/div>\n<input type=\"hidden\" name=\"trp-form-language\" value=\"en\"\/><\/form>\n<\/div>\n<\/div>\n<\/div>\n\n\n\n<div class=\"wp-block-column is-layout-flow wp-block-column-is-layout-flow\">\n<figure class=\"wp-block-image size-full\"><img loading=\"lazy\" decoding=\"async\" width=\"637\" height=\"805\" src=\"https:\/\/intervencaoeficaz.pt\/wp-content\/uploads\/2024\/07\/img-contact.webp\" alt=\"\" class=\"wp-image-1223\" srcset=\"https:\/\/intervencaoeficaz.pt\/wp-content\/uploads\/2024\/07\/img-contact.webp 637w, https:\/\/intervencaoeficaz.pt\/wp-content\/uploads\/2024\/07\/img-contact-237x300.webp 237w, https:\/\/intervencaoeficaz.pt\/wp-content\/uploads\/2024\/07\/img-contact-9x12.webp 9w, https:\/\/intervencaoeficaz.pt\/wp-content\/uploads\/2024\/07\/img-contact-416x526.webp 416w\" sizes=\"auto, (max-width: 637px) 100vw, 637px\" \/><\/figure>\n<\/div>\n<\/div>","protected":false},"excerpt":{"rendered":"<p>Prote\u00e7\u00e3o 24\/7 e com resposta imediata Na Interven\u00e7\u00e3o Eficaz, oferecemos prote\u00e7\u00e3o 24\/7 com resposta imediata, garantindo a seguran\u00e7a da sua casa a qualquer hora do dia ou da noite. O nosso sistema de monitoriza\u00e7\u00e3o avan\u00e7ado e a equipa de profissionais dedicados est\u00e3o sempre prontos para agir rapidamente em qualquer situa\u00e7\u00e3o de emerg\u00eancia, proporcionando-lhe tranquilidade e [&hellip;]<\/p>\n","protected":false},"author":1,"featured_media":1020,"parent":744,"menu_order":0,"comment_status":"closed","ping_status":"closed","template":"","meta":{"footnotes":""},"class_list":["post-794","page","type-page","status-publish","has-post-thumbnail","hentry"],"_links":{"self":[{"href":"https:\/\/intervencaoeficaz.pt\/en\/wp-json\/wp\/v2\/pages\/794","targetHints":{"allow":["GET"]}}],"collection":[{"href":"https:\/\/intervencaoeficaz.pt\/en\/wp-json\/wp\/v2\/pages"}],"about":[{"href":"https:\/\/intervencaoeficaz.pt\/en\/wp-json\/wp\/v2\/types\/page"}],"author":[{"embeddable":true,"href":"https:\/\/intervencaoeficaz.pt\/en\/wp-json\/wp\/v2\/users\/1"}],"replies":[{"embeddable":true,"href":"https:\/\/intervencaoeficaz.pt\/en\/wp-json\/wp\/v2\/comments?post=794"}],"version-history":[{"count":28,"href":"https:\/\/intervencaoeficaz.pt\/en\/wp-json\/wp\/v2\/pages\/794\/revisions"}],"predecessor-version":[{"id":1280,"href":"https:\/\/intervencaoeficaz.pt\/en\/wp-json\/wp\/v2\/pages\/794\/revisions\/1280"}],"up":[{"embeddable":true,"href":"https:\/\/intervencaoeficaz.pt\/en\/wp-json\/wp\/v2\/pages\/744"}],"wp:featuredmedia":[{"embeddable":true,"href":"https:\/\/intervencaoeficaz.pt\/en\/wp-json\/wp\/v2\/media\/1020"}],"wp:attachment":[{"href":"https:\/\/intervencaoeficaz.pt\/en\/wp-json\/wp\/v2\/media?parent=794"}],"curies":[{"name":"wp","href":"https:\/\/api.w.org\/{rel}","templated":true}]}}