{"id":977,"date":"2024-06-20T17:33:34","date_gmt":"2024-06-20T16:33:34","guid":{"rendered":"http:\/\/intervencaoeficaz.com\/?page_id=977"},"modified":"2024-10-08T10:02:28","modified_gmt":"2024-10-08T09:02:28","slug":"protecao-perimetral","status":"publish","type":"page","link":"https:\/\/intervencaoeficaz.pt\/en\/servicos\/protecao-perimetral\/","title":{"rendered":"Perimeter Protection"},"content":{"rendered":"<h2 class=\"wp-block-heading\">Protected area in your company or residence<\/h2>\n\n\n\n<figure class=\"wp-block-image size-large is-style-default\"><img decoding=\"async\" src=\"https:\/\/intervencaoeficaz.pt\/wp-content\/uploads\/2024\/10\/5-1024x1024.jpg\" alt=\"Prote\u00e7\u00e3o perimetral com videovigil\u00e2ncia\" class=\"wp-image-1288\"\/><\/figure>\n\n\n\n<hr class=\"wp-block-separator has-css-opacity is-style-wide\"\/>\n\n\n\n<p class=\"cem-por-cento\">The presence of a protected area in your business or residence created by a smart virtual perimeter that sends an alert to the 24\/7 Monitoring Center whenever an intrusion is detected.<\/p>\n\n\n\n<p class=\"cem-por-cento\">Today, we can assert that a video surveillance system is the cornerstone of any security solution, whether residential or industrial. However, traditional CCTV systems operate passively and only record images, meaning that by the time incidents occur, the losses may have already happened.<\/p>\n\n\n\n<p class=\"cem-por-cento\">Therefore, it is important to shift from passive to proactive security. With a proactive video surveillance system, we can intelligently detect intrusion behaviors with real-time video verification. Our operators can also create deterrent scenarios by triggering sirens, turning on lights, and intervening with audio in real-time.<\/p>\n\n\n\n<p class=\"cem-por-cento\">AVOID THE BURGLARY, NOT JUST RECORD IT... THAT'S THE BIG DIFFERENCE!<\/p>\n\n\n\n<div style=\"height:50px\" aria-hidden=\"true\" class=\"wp-block-spacer\"><\/div>\n\n\n\n<hr class=\"wp-block-separator has-css-opacity is-style-wide\"\/>\n\n\n\n<div style=\"height:50px\" aria-hidden=\"true\" class=\"wp-block-spacer\"><\/div>\n\n\n\n<h2 class=\"wp-block-heading\">Request your free quote<\/h2>\n\n\n\n<div class=\"wp-block-columns is-layout-flex wp-container-core-columns-is-layout-9d6595d7 wp-block-columns-is-layout-flex\">\n<div class=\"wp-block-column is-layout-flow wp-block-column-is-layout-flow\">\n<div class=\"wp-block-contact-form-7-contact-form-selector\">\n<div class=\"wpcf7 no-js\" id=\"wpcf7-f781-o1\" lang=\"pt-PT\" dir=\"ltr\" data-wpcf7-id=\"781\">\n<div class=\"screen-reader-response\"><p role=\"status\" aria-live=\"polite\" aria-atomic=\"true\"><\/p> <ul><\/ul><\/div>\n<form action=\"\/en\/wp-json\/wp\/v2\/pages\/977#wpcf7-f781-o1\" method=\"post\" class=\"wpcf7-form init\" aria-label=\"Formul\u00e1rio de contacto\" novalidate=\"novalidate\" data-status=\"init\" data-trp-original-action=\"\/en\/wp-json\/wp\/v2\/pages\/977#wpcf7-f781-o1\">\n<fieldset class=\"hidden-fields-container\"><input type=\"hidden\" name=\"_wpcf7\" value=\"781\" \/><input type=\"hidden\" name=\"_wpcf7_version\" value=\"6.1.5\" \/><input type=\"hidden\" name=\"_wpcf7_locale\" value=\"pt_PT\" \/><input type=\"hidden\" name=\"_wpcf7_unit_tag\" value=\"wpcf7-f781-o1\" \/><input type=\"hidden\" name=\"_wpcf7_container_post\" value=\"0\" \/><input type=\"hidden\" name=\"_wpcf7_posted_data_hash\" value=\"\" \/>\n<\/fieldset>\n<p>Type of building? *<br \/>\n<span class=\"wpcf7-form-control-wrap\" data-name=\"tipo-residencia\"><span class=\"wpcf7-form-control wpcf7-radio\"><span class=\"wpcf7-list-item first\"><label><input type=\"radio\" name=\"tipo-residencia\" value=\"Moradia\" \/><span class=\"wpcf7-list-item-label\">House<\/span><\/label><\/span><span class=\"wpcf7-list-item\"><label><input type=\"radio\" name=\"tipo-residencia\" value=\"Apartamento\" \/><span class=\"wpcf7-list-item-label\">Apartment<\/span><\/label><\/span><span class=\"wpcf7-list-item\"><label><input type=\"radio\" name=\"tipo-residencia\" value=\"Empresa\" \/><span class=\"wpcf7-list-item-label\">Business<\/span><\/label><\/span><span class=\"wpcf7-list-item\"><label><input type=\"radio\" name=\"tipo-residencia\" value=\"Armaz\u00e9m\" \/><span class=\"wpcf7-list-item-label\">Warehouse<\/span><\/label><\/span><span class=\"wpcf7-list-item\"><label><input type=\"radio\" name=\"tipo-residencia\" value=\"Com\u00e9rcio\" \/><span class=\"wpcf7-list-item-label\">Retail<\/span><\/label><\/span><span class=\"wpcf7-list-item last\"><label><input type=\"radio\" name=\"tipo-residencia\" value=\"Outro\" \/><span class=\"wpcf7-list-item-label\">Other<\/span><\/label><\/span><\/span><\/span>\n<\/p>\n<p>Is this your primary residence? *<br \/>\n<span class=\"wpcf7-form-control-wrap\" data-name=\"residencia-habitual\"><span class=\"wpcf7-form-control wpcf7-radio\"><span class=\"wpcf7-list-item first\"><label><input type=\"radio\" name=\"residencia-habitual\" value=\"Sim\" \/><span class=\"wpcf7-list-item-label\">Yes<\/span><\/label><\/span><span class=\"wpcf7-list-item\"><label><input type=\"radio\" name=\"residencia-habitual\" value=\"N\u00e3o\" \/><span class=\"wpcf7-list-item-label\">No<\/span><\/label><\/span><span class=\"wpcf7-list-item last\"><label><input type=\"radio\" name=\"residencia-habitual\" value=\"N\u00e3o Aplic\u00e1vel\" \/><span class=\"wpcf7-list-item-label\">Not Applicable<\/span><\/label><\/span><\/span><\/span>\n<\/p>\n<p><label> Phone *<br \/>\n<span class=\"wpcf7-form-control-wrap\" data-name=\"telefone\"><input size=\"40\" maxlength=\"400\" class=\"wpcf7-form-control wpcf7-text wpcf7-validates-as-required\" aria-required=\"true\" aria-invalid=\"false\" value=\"\" type=\"text\" name=\"telefone\" \/><\/span><br \/>\n<\/label>\n<\/p>\n<p><label> Postal Code *<br \/>\n<span class=\"wpcf7-form-control-wrap\" data-name=\"codigo-postal\"><input size=\"40\" maxlength=\"400\" class=\"wpcf7-form-control wpcf7-text wpcf7-validates-as-required\" aria-required=\"true\" aria-invalid=\"false\" value=\"\" type=\"text\" name=\"codigo-postal\" \/><\/span><br \/>\n<\/label>\n<\/p>\n<p><input class=\"wpcf7-form-control wpcf7-submit has-spinner\" type=\"submit\" value=\"Submit request for quote\" \/>\n<\/p><div class=\"wpcf7-response-output\" aria-hidden=\"true\"><\/div>\n<input type=\"hidden\" name=\"trp-form-language\" value=\"en\"\/><\/form>\n<\/div>\n<\/div>\n<\/div>\n\n\n\n<div class=\"wp-block-column is-layout-flow wp-block-column-is-layout-flow\">\n<figure class=\"wp-block-image size-full\"><img loading=\"lazy\" decoding=\"async\" width=\"637\" height=\"805\" src=\"https:\/\/intervencaoeficaz.pt\/wp-content\/uploads\/2024\/07\/img-contact.webp\" alt=\"\" class=\"wp-image-1223\" srcset=\"https:\/\/intervencaoeficaz.pt\/wp-content\/uploads\/2024\/07\/img-contact.webp 637w, https:\/\/intervencaoeficaz.pt\/wp-content\/uploads\/2024\/07\/img-contact-237x300.webp 237w, https:\/\/intervencaoeficaz.pt\/wp-content\/uploads\/2024\/07\/img-contact-9x12.webp 9w, https:\/\/intervencaoeficaz.pt\/wp-content\/uploads\/2024\/07\/img-contact-416x526.webp 416w\" sizes=\"auto, (max-width: 637px) 100vw, 637px\" \/><\/figure>\n<\/div>\n<\/div>","protected":false},"excerpt":{"rendered":"<p>\u00c1rea protegida na sua empresa ou resid\u00eancia A exist\u00eancia de uma \u00e1rea protegida na sua empresa ou resid\u00eancia criada por uma linha virtual inteligente que emite um alerta para a Central de Monotoriza\u00e7\u00e3o 24H sempre que seja verificada uma intrus\u00e3o. Hoje podemos afirmar que um sistema de videovigil\u00e2ncia \u00e9 a base de toda a solu\u00e7\u00e3o [&hellip;]<\/p>\n","protected":false},"author":1,"featured_media":0,"parent":842,"menu_order":0,"comment_status":"closed","ping_status":"closed","template":"","meta":{"footnotes":""},"class_list":["post-977","page","type-page","status-publish","hentry"],"_links":{"self":[{"href":"https:\/\/intervencaoeficaz.pt\/en\/wp-json\/wp\/v2\/pages\/977","targetHints":{"allow":["GET"]}}],"collection":[{"href":"https:\/\/intervencaoeficaz.pt\/en\/wp-json\/wp\/v2\/pages"}],"about":[{"href":"https:\/\/intervencaoeficaz.pt\/en\/wp-json\/wp\/v2\/types\/page"}],"author":[{"embeddable":true,"href":"https:\/\/intervencaoeficaz.pt\/en\/wp-json\/wp\/v2\/users\/1"}],"replies":[{"embeddable":true,"href":"https:\/\/intervencaoeficaz.pt\/en\/wp-json\/wp\/v2\/comments?post=977"}],"version-history":[{"count":10,"href":"https:\/\/intervencaoeficaz.pt\/en\/wp-json\/wp\/v2\/pages\/977\/revisions"}],"predecessor-version":[{"id":1289,"href":"https:\/\/intervencaoeficaz.pt\/en\/wp-json\/wp\/v2\/pages\/977\/revisions\/1289"}],"up":[{"embeddable":true,"href":"https:\/\/intervencaoeficaz.pt\/en\/wp-json\/wp\/v2\/pages\/842"}],"wp:attachment":[{"href":"https:\/\/intervencaoeficaz.pt\/en\/wp-json\/wp\/v2\/media?parent=977"}],"curies":[{"name":"wp","href":"https:\/\/api.w.org\/{rel}","templated":true}]}}