{"id":985,"date":"2024-06-20T17:45:02","date_gmt":"2024-06-20T16:45:02","guid":{"rendered":"http:\/\/intervencaoeficaz.com\/?page_id=985"},"modified":"2024-10-08T10:07:29","modified_gmt":"2024-10-08T09:07:29","slug":"ligacao-a-central-24h","status":"publish","type":"page","link":"https:\/\/intervencaoeficaz.pt\/en\/servicos\/ligacao-a-central-24h\/","title":{"rendered":"24\/7 Central Monitoring Connection"},"content":{"rendered":"<h2 class=\"wp-block-heading\">Intelligent protection against intrusions for commercial establishments, residences and more<\/h2>\n\n\n\n<figure class=\"wp-block-image size-large\"><img loading=\"lazy\" decoding=\"async\" width=\"1024\" height=\"458\" src=\"http:\/\/intervencaoeficaz.com\/wp-content\/uploads\/2024\/07\/ligacao-central_edited-e1720626789134-1024x458.jpg\" alt=\"\" class=\"wp-image-1163\" srcset=\"https:\/\/intervencaoeficaz.pt\/wp-content\/uploads\/2024\/07\/ligacao-central_edited-e1720626789134-1024x458.jpg 1024w, https:\/\/intervencaoeficaz.pt\/wp-content\/uploads\/2024\/07\/ligacao-central_edited-e1720626789134-300x134.jpg 300w, https:\/\/intervencaoeficaz.pt\/wp-content\/uploads\/2024\/07\/ligacao-central_edited-e1720626789134-768x343.jpg 768w, https:\/\/intervencaoeficaz.pt\/wp-content\/uploads\/2024\/07\/ligacao-central_edited-e1720626789134-1536x687.jpg 1536w, https:\/\/intervencaoeficaz.pt\/wp-content\/uploads\/2024\/07\/ligacao-central_edited-e1720626789134-2048x916.jpg 2048w, https:\/\/intervencaoeficaz.pt\/wp-content\/uploads\/2024\/07\/ligacao-central_edited-e1720626789134-416x186.jpg 416w\" sizes=\"auto, (max-width: 1024px) 100vw, 1024px\" \/><\/figure>\n\n\n\n<hr class=\"wp-block-separator has-css-opacity is-style-wide\"\/>\n\n\n\n<h3 class=\"wp-block-heading\">24\/7 central connection with video verification<\/h3>\n\n\n\n<p class=\"cem-por-cento\">If you\u2019ve ever considered having a permanent guard to protect your premises, you can now do so at a reduced cost. Alternatively, if you already have permanent security personnel on-site, reduce their shifts by integrating remote surveillance.<\/p>\n\n\n\n<p class=\"cem-por-cento\">Our virtual guards will be present in real time and continuously at your premises, monitoring not only potential intrusions but also any abnormalities that might threaten the safety of people or property. This service can be contracted on a temporary or permanent basis.<\/p>\n\n\n\n<p class=\"cem-por-cento\">Para que este servi\u00e7o resulte em pleno a escolha de equipamentos e locais a instalar os mesmos \u00e9 fundamental, por isso, possu\u00edmos uma equipa t\u00e9cnica com mais de 20 anos de experi\u00eancia, que em sintonia com os nossos operadores fazem um trabalho de grande n\u00edvel profissional.<\/p>\n\n\n\n<h3 class=\"wp-block-heading\">Advantages<\/h3>\n\n\n\n<ul class=\"wp-block-list\">\n<li>Reduction of false alarms;<\/li>\n\n\n\n<li>Ability to view multiple cameras at different locations, providing the customer with a good cost-benefit ratio;<\/li>\n\n\n\n<li>Surprise effect on potential intruders;<\/li>\n\n\n\n<li>Prevention;<\/li>\n\n\n\n<li>Comprehensive coverage;<\/li>\n\n\n\n<li>Incident analysis for Security (burglary) and Safety (fire or other emergencies).<\/li>\n<\/ul>\n\n\n\n<div style=\"height:50px\" aria-hidden=\"true\" class=\"wp-block-spacer\"><\/div>\n\n\n\n<hr class=\"wp-block-separator has-css-opacity is-style-wide\"\/>\n\n\n\n<div style=\"height:50px\" aria-hidden=\"true\" class=\"wp-block-spacer\"><\/div>\n\n\n\n<h2 class=\"wp-block-heading\">Request your free quote<\/h2>\n\n\n\n<div class=\"wp-block-columns is-layout-flex wp-container-core-columns-is-layout-9d6595d7 wp-block-columns-is-layout-flex\">\n<div class=\"wp-block-column is-layout-flow wp-block-column-is-layout-flow\">\n<div class=\"wp-block-contact-form-7-contact-form-selector\">\n<div class=\"wpcf7 no-js\" id=\"wpcf7-f781-o1\" lang=\"pt-PT\" dir=\"ltr\" data-wpcf7-id=\"781\">\n<div class=\"screen-reader-response\"><p role=\"status\" aria-live=\"polite\" aria-atomic=\"true\"><\/p> <ul><\/ul><\/div>\n<form action=\"\/en\/wp-json\/wp\/v2\/pages\/985#wpcf7-f781-o1\" method=\"post\" class=\"wpcf7-form init\" aria-label=\"Formul\u00e1rio de contacto\" novalidate=\"novalidate\" data-status=\"init\" data-trp-original-action=\"\/en\/wp-json\/wp\/v2\/pages\/985#wpcf7-f781-o1\">\n<fieldset class=\"hidden-fields-container\"><input type=\"hidden\" name=\"_wpcf7\" value=\"781\" \/><input type=\"hidden\" name=\"_wpcf7_version\" value=\"6.1.5\" \/><input type=\"hidden\" name=\"_wpcf7_locale\" value=\"pt_PT\" \/><input type=\"hidden\" name=\"_wpcf7_unit_tag\" value=\"wpcf7-f781-o1\" \/><input type=\"hidden\" name=\"_wpcf7_container_post\" value=\"0\" \/><input type=\"hidden\" name=\"_wpcf7_posted_data_hash\" value=\"\" \/>\n<\/fieldset>\n<p>Type of building? *<br \/>\n<span class=\"wpcf7-form-control-wrap\" data-name=\"tipo-residencia\"><span class=\"wpcf7-form-control wpcf7-radio\"><span class=\"wpcf7-list-item first\"><label><input type=\"radio\" name=\"tipo-residencia\" value=\"Moradia\" \/><span class=\"wpcf7-list-item-label\">House<\/span><\/label><\/span><span class=\"wpcf7-list-item\"><label><input type=\"radio\" name=\"tipo-residencia\" value=\"Apartamento\" \/><span class=\"wpcf7-list-item-label\">Apartment<\/span><\/label><\/span><span class=\"wpcf7-list-item\"><label><input type=\"radio\" name=\"tipo-residencia\" value=\"Empresa\" \/><span class=\"wpcf7-list-item-label\">Business<\/span><\/label><\/span><span class=\"wpcf7-list-item\"><label><input type=\"radio\" name=\"tipo-residencia\" value=\"Armaz\u00e9m\" \/><span class=\"wpcf7-list-item-label\">Warehouse<\/span><\/label><\/span><span class=\"wpcf7-list-item\"><label><input type=\"radio\" name=\"tipo-residencia\" value=\"Com\u00e9rcio\" \/><span class=\"wpcf7-list-item-label\">Retail<\/span><\/label><\/span><span class=\"wpcf7-list-item last\"><label><input type=\"radio\" name=\"tipo-residencia\" value=\"Outro\" \/><span class=\"wpcf7-list-item-label\">Other<\/span><\/label><\/span><\/span><\/span>\n<\/p>\n<p>Is this your primary residence? *<br \/>\n<span class=\"wpcf7-form-control-wrap\" data-name=\"residencia-habitual\"><span class=\"wpcf7-form-control wpcf7-radio\"><span class=\"wpcf7-list-item first\"><label><input type=\"radio\" name=\"residencia-habitual\" value=\"Sim\" \/><span class=\"wpcf7-list-item-label\">Yes<\/span><\/label><\/span><span class=\"wpcf7-list-item\"><label><input type=\"radio\" name=\"residencia-habitual\" value=\"N\u00e3o\" \/><span class=\"wpcf7-list-item-label\">No<\/span><\/label><\/span><span class=\"wpcf7-list-item last\"><label><input type=\"radio\" name=\"residencia-habitual\" value=\"N\u00e3o Aplic\u00e1vel\" \/><span class=\"wpcf7-list-item-label\">Not Applicable<\/span><\/label><\/span><\/span><\/span>\n<\/p>\n<p><label> Phone *<br \/>\n<span class=\"wpcf7-form-control-wrap\" data-name=\"telefone\"><input size=\"40\" maxlength=\"400\" class=\"wpcf7-form-control wpcf7-text wpcf7-validates-as-required\" aria-required=\"true\" aria-invalid=\"false\" value=\"\" type=\"text\" name=\"telefone\" \/><\/span><br \/>\n<\/label>\n<\/p>\n<p><label> Postal Code *<br \/>\n<span class=\"wpcf7-form-control-wrap\" data-name=\"codigo-postal\"><input size=\"40\" maxlength=\"400\" class=\"wpcf7-form-control wpcf7-text wpcf7-validates-as-required\" aria-required=\"true\" aria-invalid=\"false\" value=\"\" type=\"text\" name=\"codigo-postal\" \/><\/span><br \/>\n<\/label>\n<\/p>\n<p><input class=\"wpcf7-form-control wpcf7-submit has-spinner\" type=\"submit\" value=\"Submit request for quote\" \/>\n<\/p><div class=\"wpcf7-response-output\" aria-hidden=\"true\"><\/div>\n<input type=\"hidden\" name=\"trp-form-language\" value=\"en\"\/><\/form>\n<\/div>\n<\/div>\n<\/div>\n\n\n\n<div class=\"wp-block-column is-layout-flow wp-block-column-is-layout-flow\">\n<figure class=\"wp-block-image size-full\"><img loading=\"lazy\" decoding=\"async\" width=\"637\" height=\"805\" src=\"http:\/\/intervencaoeficaz.com\/wp-content\/uploads\/2024\/07\/img-contact.webp\" alt=\"\" class=\"wp-image-1223\" srcset=\"https:\/\/intervencaoeficaz.pt\/wp-content\/uploads\/2024\/07\/img-contact.webp 637w, https:\/\/intervencaoeficaz.pt\/wp-content\/uploads\/2024\/07\/img-contact-237x300.webp 237w, https:\/\/intervencaoeficaz.pt\/wp-content\/uploads\/2024\/07\/img-contact-9x12.webp 9w, https:\/\/intervencaoeficaz.pt\/wp-content\/uploads\/2024\/07\/img-contact-416x526.webp 416w\" sizes=\"auto, (max-width: 637px) 100vw, 637px\" \/><\/figure>\n<\/div>\n<\/div>","protected":false},"excerpt":{"rendered":"<p>Uma prote\u00e7\u00e3o inteligente contra a intrus\u00e3o de estabelecimentos comerciais, resid\u00eancias e outros Liga\u00e7\u00e3o \u00e0 central 24H com v\u00eddeo verifica\u00e7\u00e3o Se j\u00e1 pensou em ter um vigilante permanente a proteger as suas instala\u00e7\u00f5es agora pode faz\u00ea-lo a um custo reduzido. Por outro lado, se j\u00e1 tem vigilantes permanentes nas suas instala\u00e7\u00f5es, reduza os turnos da seguran\u00e7a [&hellip;]<\/p>\n","protected":false},"author":1,"featured_media":0,"parent":842,"menu_order":0,"comment_status":"closed","ping_status":"closed","template":"","meta":{"footnotes":""},"class_list":["post-985","page","type-page","status-publish","hentry"],"_links":{"self":[{"href":"https:\/\/intervencaoeficaz.pt\/en\/wp-json\/wp\/v2\/pages\/985","targetHints":{"allow":["GET"]}}],"collection":[{"href":"https:\/\/intervencaoeficaz.pt\/en\/wp-json\/wp\/v2\/pages"}],"about":[{"href":"https:\/\/intervencaoeficaz.pt\/en\/wp-json\/wp\/v2\/types\/page"}],"author":[{"embeddable":true,"href":"https:\/\/intervencaoeficaz.pt\/en\/wp-json\/wp\/v2\/users\/1"}],"replies":[{"embeddable":true,"href":"https:\/\/intervencaoeficaz.pt\/en\/wp-json\/wp\/v2\/comments?post=985"}],"version-history":[{"count":15,"href":"https:\/\/intervencaoeficaz.pt\/en\/wp-json\/wp\/v2\/pages\/985\/revisions"}],"predecessor-version":[{"id":1291,"href":"https:\/\/intervencaoeficaz.pt\/en\/wp-json\/wp\/v2\/pages\/985\/revisions\/1291"}],"up":[{"embeddable":true,"href":"https:\/\/intervencaoeficaz.pt\/en\/wp-json\/wp\/v2\/pages\/842"}],"wp:attachment":[{"href":"https:\/\/intervencaoeficaz.pt\/en\/wp-json\/wp\/v2\/media?parent=985"}],"curies":[{"name":"wp","href":"https:\/\/api.w.org\/{rel}","templated":true}]}}